{"id":151,"date":"2026-03-27T10:26:57","date_gmt":"2026-03-27T09:26:57","guid":{"rendered":"https:\/\/www.lesecuriesdesparcs.fr\/?page_id=151"},"modified":"2026-03-27T10:26:57","modified_gmt":"2026-03-27T09:26:57","slug":"les-mentions-legales","status":"publish","type":"page","link":"https:\/\/www.lesecuriesdesparcs.fr\/?page_id=151","title":{"rendered":"Les mentions l\u00e9gales"},"content":{"rendered":"\n<p>Merci de lire avec attention les diff\u00e9rentes modalit\u00e9s d\u2019utilisation du pr\u00e9sent site avant d\u2019y parcourir ses pages. En vous connectant sur ce site, vous acceptez, sans r\u00e9serves, les pr\u00e9sentes modalit\u00e9s.<\/p>\n\n\n\n<p>Aussi, conform\u00e9ment \u00e0 l\u2019article n\u00b06 de la Loi n\u00b02004-575 du 21 Juin 2004 pour la confiance dans l\u2019\u00e9conomie num\u00e9rique, les responsables du pr\u00e9sent site internet https:\/\/www.lesecuriesdesparcs.fr sont :<\/p>\n\n\n\n<h2 class=\"wp-block-heading\">\u00c9diteur du site<\/h2>\n\n\n\n<p>Les \u00c9curies des Parcs<br>Num\u00e9ro de SIRET : 98177443300016<br>Directrice de la publication : Guessous Maria-Ana\u00efs<br>28 Chemin des Grands Parcs, 44500 La Baule<\/p>\n\n\n\n<p>T\u00e9l\u00e9phone : 07 78 46 43 99<\/p>\n\n\n\n<p>E-mail : lesecuriesdesparcs@outlook.fr<br>Site web : https:\/\/www.lesecuriesdesparcs.fr<\/p>\n\n\n\n<h2 class=\"wp-block-heading\">H\u00e9bergement<\/h2>\n\n\n\n<p>H\u00e9bergeur : OVH SAS<br>RCS Lille M\u00e9tropole 424 761 419 00045<br>Code APE 2620Z \u2013 N\u00b0 TVA : FR 22 424 761 419<br>Si\u00e8ge social : 2 rue Kellermann \u2013 59100 Roubaix \u2013 France<\/p>\n\n\n\n<p>OVH SAS est une filiale de la soci\u00e9t\u00e9 OVH Groupe SA, soci\u00e9t\u00e9 immatricul\u00e9e au RCS de Lille sous le num\u00e9ro 537 407 926 sise 2, rue Kellermann, 59100 Roubaix.<\/p>\n\n\n\n<h2 class=\"wp-block-heading\">Cr\u00e9dits photos et vid\u00e9os<\/h2>\n\n\n\n<p>Guillaume Arnault, Maria Guessous, les \u00c9curies des Parcs<\/p>\n\n\n\n<h2 class=\"wp-block-heading\">Site web<\/h2>\n\n\n\n<p>Mise en place Pixlabs.fr pour les \u00c9curies des Parcs, et template Inspiro de WPZOOM<\/p>\n\n\n\n<h2 class=\"wp-block-heading\">Conditions d\u2019utilisation<\/h2>\n\n\n\n<p>Ce site https:\/\/www.lesecuriesdesparcs.fr est propos\u00e9 en diff\u00e9rents langages web (HTML, HTML5, Javascript, CSS, etc\u2026) pour un meilleur confort d\u2019utilisation et un graphisme plus agr\u00e9able. Nous vous recommandons de recourir \u00e0 des navigateurs modernes comme Internet explorer, Safari, Firefox, Google Chrome, etc\u2026<\/p>\n\n\n\n<p>Les \u00c9curies des Parcs met en \u0153uvre tous les moyens dont il dispose, pour assurer une information fiable et une mise \u00e0 jour fiable de son site internet. Toutefois, des erreurs ou omissions peuvent survenir. L\u2019internaute devra donc s\u2019assurer de l\u2019exactitude des informations aupr\u00e8s des \u00c9curies des Parcs et signaler toutes modifications du site qu\u2019il jugerait utile. Les \u00c9curies des Parcs ne sont en en aucun cas responsable de l\u2019utilisation faite de ces informations, et de tout pr\u00e9judice direct ou indirect pouvant en d\u00e9couler.<\/p>\n\n\n\n<h2 class=\"wp-block-heading\">Cookies<\/h2>\n\n\n\n<p>Le site https:\/\/www.lesecuriesdesparcs.fr peut-\u00eatre amen\u00e9 \u00e0 vous demander l\u2019acceptation des cookies pour des besoins de statistiques et d\u2019affichage. Un cookie est une information d\u00e9pos\u00e9e sur votre disque dur par le serveur du site que vous visitez. Il contient plusieurs donn\u00e9es qui sont stock\u00e9es sur votre ordinateur dans un simple fichier texte auquel un serveur acc\u00e8de pour lire et enregistrer des informations. Certaines parties de ce site ne peuvent \u00eatre fonctionnelles sans l\u2019acceptation de cookies.<\/p>\n\n\n\n<h2 class=\"wp-block-heading\">Liens hypertextes<\/h2>\n\n\n\n<p>Les sites internet peuvent offrir des liens vers d\u2019autres sites internet ou d\u2019autres ressources disponibles sur Internet. Les \u00c9curies des Parcs ne disposent d\u2019aucun moyen pour contr\u00f4ler les sites en connexion avec son site internet.<\/p>\n\n\n\n<p>Les \u00c9curies des Parcs ne r\u00e9pondent pas de la disponibilit\u00e9 de tels sites et sources externes, ni ne la garantit. Il ne peut \u00eatre tenue pour responsable de tout dommage, de quelque nature que ce soit, r\u00e9sultant du contenu de ces sites ou sources externes, et notamment des informations, produits ou services qu\u2019il propose, ou de tout usage qui peut \u00eatre fait de ces \u00e9l\u00e9ments.<\/p>\n\n\n\n<p>Les risques li\u00e9s \u00e0 cette utilisation incombent pleinement \u00e0 l\u2019internaute, qui doit se conformer \u00e0 leurs conditions d\u2019utilisation. Les utilisateurs, les abonn\u00e9s et les visiteurs des sites internet ne peuvent pas mettre en place un hyperlien en direction de https:\/\/www.lesecuriesdesparcs.fr sans l\u2019autorisation expresse et pr\u00e9alable des \u00c9curies des Parcs. Dans l\u2019hypoth\u00e8se o\u00f9 un utilisateur ou visiteur souhaiterait mettre en place un hyperlien en direction du site des \u00c9curies des Parcs, il lui appartiendra d\u2019adresser un e-mail accessible sur le site afin de formuler sa demande de mise en place d\u2019un hyperlien.<\/p>\n\n\n\n<p>Les \u00c9curies des Parcs se r\u00e9servent le droit d\u2019accepter ou de refuser un hyperlien sans avoir \u00e0 en justifier sa d\u00e9cision.<\/p>\n\n\n\n<h2 class=\"wp-block-heading\">Services fournis<\/h2>\n\n\n\n<p>L\u2019ensemble des activit\u00e9s de la soci\u00e9t\u00e9 ainsi que ses informations sont pr\u00e9sent\u00e9s sur notre site https:\/\/www.lesecuriesdesparcs.fr<\/p>\n\n\n\n<p>Les \u00c9curies des Parcs s\u2019efforcent de fournir sur le site https:\/\/www.lesecuriesdesparcs.fr des informations aussi pr\u00e9cises que possible. Les renseignements figurant sur le site https:\/\/www.lesecuriesdesparcs.fr ne sont pas exhaustifs et les photos non contractuelles. Ils sont donn\u00e9s sous r\u00e9serve de modifications ayant \u00e9t\u00e9 apport\u00e9es depuis leur mise en ligne. Par ailleurs, tous les informations indiqu\u00e9es sur le site https:\/\/www.lesecuriesdesparcs.fr sont donn\u00e9es \u00e0 titre indicatif, et sont susceptibles de changer ou d\u2019\u00e9voluer sans pr\u00e9avis.<\/p>\n\n\n\n<h2 class=\"wp-block-heading\">Limitation contractuelles sur les donn\u00e9es<\/h2>\n\n\n\n<p>Les informations contenues sur ce site sont aussi pr\u00e9cises que possible et le site est mis \u00e0 jour \u00e0 diff\u00e9rentes p\u00e9riodes de l\u2019ann\u00e9e, mais peut toutefois contenir des inexactitudes ou des omissions. Si vous constatez une lacune, erreur ou ce qui parait \u00eatre un dysfonctionnement, merci de bien vouloir le signaler par courriel, \u00e0 l\u2019adresse lesecuriesdesparcs@outlook.fr, en d\u00e9crivant le probl\u00e8me de la mani\u00e8re la plus pr\u00e9cise possible (page posant probl\u00e8me, type d\u2019ordinateur et de navigateur utilis\u00e9\u2026).<\/p>\n\n\n\n<p>Tout contenu t\u00e9l\u00e9charg\u00e9 se fait aux risques et p\u00e9rils de l\u2019utilisateur et sous sa seule responsabilit\u00e9. En cons\u00e9quence, ne saurait \u00eatre tenu responsable d\u2019un quelconque dommage subi par l\u2019ordinateur de l\u2019utilisateur ou d\u2019une quelconque perte de donn\u00e9es cons\u00e9cutives au t\u00e9l\u00e9chargement. De plus, l\u2019utilisateur du site s\u2019engage \u00e0 acc\u00e9der au site en utilisant un mat\u00e9riel r\u00e9cent, ne contenant pas de virus et avec un navigateur de derni\u00e8re g\u00e9n\u00e9ration mis-\u00e0-jour.<\/p>\n\n\n\n<p>Les liens hypertextes mis en place dans le cadre du pr\u00e9sent site internet en direction d\u2019autres ressources pr\u00e9sentes sur le r\u00e9seau Internet ne sauraient engager la responsabilit\u00e9 des \u00e9curies des parcs.<\/p>\n\n\n\n<h2 class=\"wp-block-heading\">Propri\u00e9t\u00e9 intellectuelle<\/h2>\n\n\n\n<p>Tout le contenu du pr\u00e9sent site https:\/\/www.lesecuriesdesparcs.fr, incluant, de fa\u00e7on non limitative, les graphismes, images, textes, vid\u00e9os, animations, sons, logos, gifs et ic\u00f4nes ainsi que leur mise en forme sont la propri\u00e9t\u00e9 exclusive de la soci\u00e9t\u00e9 \u00e0 l\u2019exception des marques, logos ou contenus appartenant \u00e0 d\u2019autres soci\u00e9t\u00e9s partenaires ou auteurs.<\/p>\n\n\n\n<p>Toute reproduction, distribution, modification, adaptation, retransmission ou publication, m\u00eame partielle, de ces diff\u00e9rents \u00e9l\u00e9ments est strictement interdite sans l\u2019accord expr\u00e8s par \u00e9crit des \u00c9curies des Parcs. Cette repr\u00e9sentation ou reproduction, par quelque proc\u00e9d\u00e9 que ce soit, constitue une contrefa\u00e7on sanctionn\u00e9e par les articles L.335-2 et suivants du Code de la propri\u00e9t\u00e9 intellectuelle. Le non-respect de cette interdiction constitue une contrefa\u00e7on pouvant engager la responsabilit\u00e9 civile et p\u00e9nale du contrefacteur. En outre, les propri\u00e9taires des Contenus copi\u00e9s pourraient intenter une action en justice \u00e0 votre encontre.<\/p>\n\n\n\n<h2 class=\"wp-block-heading\">Litiges<\/h2>\n\n\n\n<p>Les pr\u00e9sentes conditions du site https:\/\/www.lesecuriesdesparcs.fr sont r\u00e9gies par les lois fran\u00e7aises et toute contestation ou litiges qui pourraient na\u00eetre de l\u2019interpr\u00e9tation ou de l\u2019ex\u00e9cution de celles-ci seront de la comp\u00e9tence exclusive des tribunaux dont d\u00e9pend le si\u00e8ge social de la soci\u00e9t\u00e9. La langue de r\u00e9f\u00e9rence, pour le r\u00e8glement de contentieux \u00e9ventuels, est le fran\u00e7ais.<\/p>\n\n\n\n<h2 class=\"wp-block-heading\">Donn\u00e9es personnelles<\/h2>\n\n\n\n<p>De mani\u00e8re g\u00e9n\u00e9rale, vous n\u2019\u00eates pas tenu de nous communiquer vos donn\u00e9es personnelles lorsque vous visitez notre site Internet https:\/\/www.lesecuriesdesparcs.fr. Cependant, pour l\u2019achat de sessions ou de bons cadeaux certaine donn\u00e9es sont collect\u00e9es. En effet, vous pouvez \u00eatre amen\u00e9s \u00e0 nous communiquer des donn\u00e9es telles que : votre nom, votre pr\u00e9nom, votre adresse \u00e9lectronique et postale, et votre num\u00e9ro de t\u00e9l\u00e9phone. Tel est le cas lorsque vous remplissez le formulaire qui vous est propos\u00e9 en ligne, dans la rubrique \u00ab contact \u00bb du site https:\/\/www.lesecuriesdesparcs.fr.<\/p>\n\n\n\n<p>Il est \u00e0 noter que vous pouvez refuser de fournir vos donn\u00e9es personnelles. Dans ce cas, vous ne pourrez pas utiliser les services du site, notamment celui de solliciter des renseignements sur notre soci\u00e9t\u00e9, ou de recevoir les lettres d\u2019information. Enfin, nous pouvons collecter de mani\u00e8re automatique certaines informations vous concernant lors d\u2019une simple navigation sur notre site internet, notamment des informations concernant l\u2019utilisation de notre site, comme les zones que vous visitez et les services auxquels vous acc\u00e9dez, votre adresse IP, le type de votre navigateur, vos temps d\u2019acc\u00e8s.<\/p>\n\n\n\n<p>De telles informations sont utilis\u00e9es exclusivement \u00e0 des fins de statistiques internes, de mani\u00e8re \u00e0 am\u00e9liorer la qualit\u00e9 des services qui vous sont propos\u00e9s.<\/p>\n\n\n\n<p>Nous vous souhaitons une excellente visite sur notre site web.<\/p>\n","protected":false},"excerpt":{"rendered":"<p>Merci de lire avec attention les diff\u00e9rentes modalit\u00e9s d\u2019utilisation du pr\u00e9sent site avant d\u2019y parcourir ses pages. En vous connectant sur ce site, vous acceptez, sans r\u00e9serves, les pr\u00e9sentes modalit\u00e9s. Aussi, conform\u00e9ment \u00e0 l\u2019article n\u00b06 de la Loi n\u00b02004-575 du 21 Juin 2004 pour la confiance dans l\u2019\u00e9conomie num\u00e9rique, les [&hellip;]<\/p>\n","protected":false},"author":1,"featured_media":0,"parent":0,"menu_order":0,"comment_status":"closed","ping_status":"closed","template":"","meta":{"inspiro_page_layout":"narrow","inspiro_hide_title":false,"footnotes":""},"class_list":["post-151","page","type-page","status-publish","hentry"],"_links":{"self":[{"href":"https:\/\/www.lesecuriesdesparcs.fr\/index.php?rest_route=\/wp\/v2\/pages\/151","targetHints":{"allow":["GET"]}}],"collection":[{"href":"https:\/\/www.lesecuriesdesparcs.fr\/index.php?rest_route=\/wp\/v2\/pages"}],"about":[{"href":"https:\/\/www.lesecuriesdesparcs.fr\/index.php?rest_route=\/wp\/v2\/types\/page"}],"author":[{"embeddable":true,"href":"https:\/\/www.lesecuriesdesparcs.fr\/index.php?rest_route=\/wp\/v2\/users\/1"}],"replies":[{"embeddable":true,"href":"https:\/\/www.lesecuriesdesparcs.fr\/index.php?rest_route=%2Fwp%2Fv2%2Fcomments&post=151"}],"version-history":[{"count":1,"href":"https:\/\/www.lesecuriesdesparcs.fr\/index.php?rest_route=\/wp\/v2\/pages\/151\/revisions"}],"predecessor-version":[{"id":152,"href":"https:\/\/www.lesecuriesdesparcs.fr\/index.php?rest_route=\/wp\/v2\/pages\/151\/revisions\/152"}],"wp:attachment":[{"href":"https:\/\/www.lesecuriesdesparcs.fr\/index.php?rest_route=%2Fwp%2Fv2%2Fmedia&parent=151"}],"curies":[{"name":"wp","href":"https:\/\/api.w.org\/{rel}","templated":true}]}}