{"id":153,"date":"2026-03-27T10:53:46","date_gmt":"2026-03-27T09:53:46","guid":{"rendered":"https:\/\/www.lesecuriesdesparcs.fr\/?page_id=153"},"modified":"2026-04-07T10:36:59","modified_gmt":"2026-04-07T08:36:59","slug":"le-cheval","status":"publish","type":"page","link":"https:\/\/www.lesecuriesdesparcs.fr\/?page_id=153","title":{"rendered":"\u00c9cole d&rsquo;\u00e9quitation"},"content":{"rendered":"\n<p>Les \u00e9curies proposent tout au long de l\u2019ann\u00e9e des cours du niveau d\u00e9butant au niveau galop 7, que vous d\u00e9siriez vous tournez vers l\u2019\u00e9quitation de loisir ou de comp\u00e9tition. <\/p>\n\n\n\n<div class=\"wp-block-group is-nowrap is-layout-flex wp-container-core-group-is-layout-6c531013 wp-block-group-is-layout-flex\">\n<div class=\"wp-block-columns is-layout-flex wp-container-core-columns-is-layout-28f84493 wp-block-columns-is-layout-flex\">\n<div class=\"wp-block-column is-layout-flow wp-block-column-is-layout-flow\">\n<h2 class=\"wp-block-heading\">Les cours<\/h2>\n\n\n\n<p>Les&nbsp; enseignants des \u00e9curies, tous dipl\u00f4m\u00e9s d\u2019\u00e9tats, vous accompagnent dans la pratique des trois disciplines olympiques : dressage, saut d\u2019obstacle, cross. Pour les cavaliers les plus curieux, les \u00e9curies offrent la possibilit\u00e9 de pratiquer d\u2019autres disciplines \u00e9questres : hunter, \u00e9quifeel, ride &amp; run, \u00e9quifun, etc.. Des intervenants ext\u00e9rieurs viennent apporter leur savoir-faire et connaissances des chevaux lors de stages organis\u00e9s par les \u00e9curies. Notre cavalerie se compose de 20 double-poneys et 15 chevaux d\u2019instruction adapt\u00e9s \u00e0 tout les niveaux.<\/p>\n<\/div>\n\n\n\n<div class=\"wp-block-column is-layout-flow wp-block-column-is-layout-flow\">\n<figure class=\"wp-block-image size-large\"><img loading=\"lazy\" decoding=\"async\" width=\"1024\" height=\"680\" src=\"https:\/\/www.lesecuriesdesparcs.fr\/wp-content\/uploads\/2026\/03\/cheval02-1024x680.jpg\" alt=\"Le cheval aux \u00e9curies des Parcs\" class=\"wp-image-154\" style=\"object-fit:cover\" srcset=\"https:\/\/www.lesecuriesdesparcs.fr\/wp-content\/uploads\/2026\/03\/cheval02-1024x680.jpg 1024w, https:\/\/www.lesecuriesdesparcs.fr\/wp-content\/uploads\/2026\/03\/cheval02-300x199.jpg 300w, https:\/\/www.lesecuriesdesparcs.fr\/wp-content\/uploads\/2026\/03\/cheval02-768x510.jpg 768w, https:\/\/www.lesecuriesdesparcs.fr\/wp-content\/uploads\/2026\/03\/cheval02-1536x1019.jpg 1536w, https:\/\/www.lesecuriesdesparcs.fr\/wp-content\/uploads\/2026\/03\/cheval02-2048x1359.jpg 2048w, https:\/\/www.lesecuriesdesparcs.fr\/wp-content\/uploads\/2026\/03\/cheval02-2000x1327.jpg 2000w, https:\/\/www.lesecuriesdesparcs.fr\/wp-content\/uploads\/2026\/03\/cheval02-1000x664.jpg 1000w, https:\/\/www.lesecuriesdesparcs.fr\/wp-content\/uploads\/2026\/03\/cheval02-1800x1195.jpg 1800w, https:\/\/www.lesecuriesdesparcs.fr\/wp-content\/uploads\/2026\/03\/cheval02-844x560.jpg 844w, https:\/\/www.lesecuriesdesparcs.fr\/wp-content\/uploads\/2026\/03\/cheval02-600x398.jpg 600w\" sizes=\"auto, (max-width: 1024px) 100vw, 1024px\" \/><\/figure>\n\n\n<style>.wp-block-kadence-advancedbtn.kb-btns153_0f6c76-56{gap:var(--global-kb-gap-xs, 0.5rem );justify-content:center;align-items:center;}.kt-btns153_0f6c76-56 .kt-button{font-weight:normal;font-style:normal;}.kt-btns153_0f6c76-56 .kt-btn-wrap-0{margin-right:5px;}.wp-block-kadence-advancedbtn.kt-btns153_0f6c76-56 .kt-btn-wrap-0 .kt-button{color:#555555;border-color:#555555;}.wp-block-kadence-advancedbtn.kt-btns153_0f6c76-56 .kt-btn-wrap-0 .kt-button:hover, .wp-block-kadence-advancedbtn.kt-btns153_0f6c76-56 .kt-btn-wrap-0 .kt-button:focus{color:#ffffff;border-color:#444444;}.wp-block-kadence-advancedbtn.kt-btns153_0f6c76-56 .kt-btn-wrap-0 .kt-button::before{display:none;}.wp-block-kadence-advancedbtn.kt-btns153_0f6c76-56 .kt-btn-wrap-0 .kt-button:hover, .wp-block-kadence-advancedbtn.kt-btns153_0f6c76-56 .kt-btn-wrap-0 .kt-button:focus{background:#444444;}<\/style>\n<div class=\"wp-block-kadence-advancedbtn kb-buttons-wrap kb-btns153_0f6c76-56\"><style>ul.menu .wp-block-kadence-advancedbtn .kb-btn153_ca9aa3-8c.kb-button{width:initial;}.wp-block-kadence-advancedbtn .kb-btn153_ca9aa3-8c.kb-button{background:#101010;font-size:var(--global-kb-font-size-md, 1.25rem);font-weight:bold;border-top-left-radius:5px;border-top-right-radius:5px;border-bottom-right-radius:5px;border-bottom-left-radius:5px;padding-top:var(--global-kb-spacing-xs, 1rem);padding-right:var(--global-kb-spacing-md, 2rem);padding-bottom:var(--global-kb-spacing-xs, 1rem);padding-left:var(--global-kb-spacing-md, 2rem);margin-top:var(--global-kb-spacing-xs, 1rem);margin-right:var(--global-kb-spacing-xs, 1rem);margin-bottom:var(--global-kb-spacing-xs, 1rem);margin-left:var(--global-kb-spacing-xs, 1rem);}.wp-block-kadence-advancedbtn .kb-btn153_ca9aa3-8c.kb-button:hover, .wp-block-kadence-advancedbtn .kb-btn153_ca9aa3-8c.kb-button:focus{background:#4176fb;}<\/style><a class=\"kb-button kt-button button kb-btn153_ca9aa3-8c kt-btn-size-standard kt-btn-width-type-auto kb-btn-global-fill  kt-btn-has-text-true kt-btn-has-svg-false  wp-block-kadence-singlebtn\" href=\"https:\/\/www.lesecuriesdesparcs.fr\/wp-content\/uploads\/2026\/04\/cours-chevaux-25-26.jpg\" download=\"\"><span class=\"kt-btn-inner-text\">T\u00e9l\u00e9charger le planning<\/span><\/a><\/div>\n<\/div>\n<\/div>\n<\/div>\n\n\n\n<hr class=\"wp-block-separator has-alpha-channel-opacity is-style-wide\" style=\"margin-top:var(--wp--preset--spacing--small);margin-bottom:var(--wp--preset--spacing--small)\"\/>\n\n\n\n<div class=\"wp-block-group is-nowrap is-layout-flex wp-container-core-group-is-layout-6c531013 wp-block-group-is-layout-flex\">\n<div class=\"wp-block-columns is-layout-flex wp-container-core-columns-is-layout-28f84493 wp-block-columns-is-layout-flex\">\n<div class=\"wp-block-column is-layout-flow wp-block-column-is-layout-flow\">\n<figure class=\"wp-block-image size-large\"><img loading=\"lazy\" decoding=\"async\" width=\"1024\" height=\"576\" src=\"https:\/\/www.lesecuriesdesparcs.fr\/wp-content\/uploads\/2026\/03\/manege-01-1024x576.jpg\" alt=\"Dans le man\u00e8ge\" class=\"wp-image-156\" style=\"object-fit:cover\" srcset=\"https:\/\/www.lesecuriesdesparcs.fr\/wp-content\/uploads\/2026\/03\/manege-01-1024x576.jpg 1024w, https:\/\/www.lesecuriesdesparcs.fr\/wp-content\/uploads\/2026\/03\/manege-01-300x169.jpg 300w, https:\/\/www.lesecuriesdesparcs.fr\/wp-content\/uploads\/2026\/03\/manege-01-768x432.jpg 768w, https:\/\/www.lesecuriesdesparcs.fr\/wp-content\/uploads\/2026\/03\/manege-01-1536x864.jpg 1536w, https:\/\/www.lesecuriesdesparcs.fr\/wp-content\/uploads\/2026\/03\/manege-01-1000x563.jpg 1000w, https:\/\/www.lesecuriesdesparcs.fr\/wp-content\/uploads\/2026\/03\/manege-01-1800x1013.jpg 1800w, https:\/\/www.lesecuriesdesparcs.fr\/wp-content\/uploads\/2026\/03\/manege-01-996x560.jpg 996w, https:\/\/www.lesecuriesdesparcs.fr\/wp-content\/uploads\/2026\/03\/manege-01-600x338.jpg 600w, https:\/\/www.lesecuriesdesparcs.fr\/wp-content\/uploads\/2026\/03\/manege-01.jpg 1920w\" sizes=\"auto, (max-width: 1024px) 100vw, 1024px\" \/><\/figure>\n<\/div>\n\n\n\n<div class=\"wp-block-column is-layout-flow wp-block-column-is-layout-flow\">\n<h2 class=\"wp-block-heading\">Les stages vacances<\/h2>\n\n\n\n<p>Lors des vacances scolaires, le planning des \u00e9curies (centre \u00e9questre et poney club) s\u2019adapte pour proposer \u00e0 nos cavaliers habituels et aux cavaliers de passage des stages \u00e0 la demi-journ\u00e9e ou \u00e0 la journ\u00e9e compl\u00e8te. Ces stages permettant de valider les galops f\u00e9d\u00e9raux. Des cours particuliers et collectifs, ainsi que des balades de tous niveaux compl\u00e8tent le planning. <\/p>\n\n\n\n<div class=\"wp-block-buttons is-content-justification-center is-layout-flex wp-container-core-buttons-is-layout-a89b3969 wp-block-buttons-is-layout-flex\">\n<div class=\"wp-block-button\"><a class=\"wp-block-button__link has-x-small-font-size has-custom-font-size wp-element-button\" href=\"https:\/\/www.lesecuriesdesparcs.fr\/?page_id=177\" style=\"border-top-left-radius:5px;border-top-right-radius:5px;border-bottom-left-radius:5px;border-bottom-right-radius:5px\">Voir le planning des stages<\/a><\/div>\n<\/div>\n<\/div>\n<\/div>\n<\/div>\n\n\n\n<hr class=\"wp-block-separator has-alpha-channel-opacity is-style-wide\" style=\"margin-top:var(--wp--preset--spacing--small);margin-bottom:var(--wp--preset--spacing--small)\"\/>\n\n\n\n<div class=\"wp-block-group is-nowrap is-layout-flex wp-container-core-group-is-layout-6c531013 wp-block-group-is-layout-flex\">\n<div class=\"wp-block-columns is-layout-flex wp-container-core-columns-is-layout-28f84493 wp-block-columns-is-layout-flex\">\n<div class=\"wp-block-column is-layout-flow wp-block-column-is-layout-flow\">\n<h2 class=\"wp-block-heading\">Les balades<\/h2>\n\n\n\n<p>Au d\u00e9part des \u00e9curies des balades dans la campagne environnante sont propos\u00e9es d\u00e8s le niveau d\u00e9butant. <\/p>\n\n\n\n<p>L\u2019\u00e9t\u00e9, des balades sur la plage de La Baule sont \u00e9galement possible pour les cavaliers \u00e0 partir du niveau Galop 4 (valid\u00e9 au pr\u00e8s de la FFE), selon les marr\u00e9es et la r\u00e9glementation municipale en vigueur.<\/p>\n<\/div>\n\n\n\n<div class=\"wp-block-column is-layout-flow wp-block-column-is-layout-flow\">\n<figure class=\"wp-block-image size-large\"><img loading=\"lazy\" decoding=\"async\" width=\"1024\" height=\"683\" src=\"https:\/\/www.lesecuriesdesparcs.fr\/wp-content\/uploads\/2026\/03\/Oiel-en-gros-plan-1024x683.jpg\" alt=\"Un regard neuf sur la terre\" class=\"wp-image-124\" style=\"object-fit:cover\" srcset=\"https:\/\/www.lesecuriesdesparcs.fr\/wp-content\/uploads\/2026\/03\/Oiel-en-gros-plan-1024x683.jpg 1024w, https:\/\/www.lesecuriesdesparcs.fr\/wp-content\/uploads\/2026\/03\/Oiel-en-gros-plan-300x200.jpg 300w, https:\/\/www.lesecuriesdesparcs.fr\/wp-content\/uploads\/2026\/03\/Oiel-en-gros-plan-768x512.jpg 768w, https:\/\/www.lesecuriesdesparcs.fr\/wp-content\/uploads\/2026\/03\/Oiel-en-gros-plan-1536x1024.jpg 1536w, https:\/\/www.lesecuriesdesparcs.fr\/wp-content\/uploads\/2026\/03\/Oiel-en-gros-plan-2048x1365.jpg 2048w, https:\/\/www.lesecuriesdesparcs.fr\/wp-content\/uploads\/2026\/03\/Oiel-en-gros-plan-2000x1333.jpg 2000w, https:\/\/www.lesecuriesdesparcs.fr\/wp-content\/uploads\/2026\/03\/Oiel-en-gros-plan-1000x667.jpg 1000w, https:\/\/www.lesecuriesdesparcs.fr\/wp-content\/uploads\/2026\/03\/Oiel-en-gros-plan-1800x1200.jpg 1800w, https:\/\/www.lesecuriesdesparcs.fr\/wp-content\/uploads\/2026\/03\/Oiel-en-gros-plan-840x560.jpg 840w, https:\/\/www.lesecuriesdesparcs.fr\/wp-content\/uploads\/2026\/03\/Oiel-en-gros-plan-600x400.jpg 600w, https:\/\/www.lesecuriesdesparcs.fr\/wp-content\/uploads\/2026\/03\/Oiel-en-gros-plan-1200x800.jpg 1200w\" sizes=\"auto, (max-width: 1024px) 100vw, 1024px\" \/><\/figure>\n<\/div>\n<\/div>\n<\/div>\n\n\n\n<hr class=\"wp-block-separator has-alpha-channel-opacity is-style-wide\" style=\"margin-top:var(--wp--preset--spacing--small);margin-bottom:var(--wp--preset--spacing--small)\"\/>\n\n\n\n<div class=\"wp-block-group is-nowrap is-layout-flex wp-container-core-group-is-layout-6c531013 wp-block-group-is-layout-flex\">\n<div class=\"wp-block-columns is-layout-flex wp-container-core-columns-is-layout-28f84493 wp-block-columns-is-layout-flex\">\n<div class=\"wp-block-column is-layout-flow wp-block-column-is-layout-flow\">\n<figure class=\"wp-block-image size-large\"><img loading=\"lazy\" decoding=\"async\" width=\"1024\" height=\"576\" src=\"https:\/\/www.lesecuriesdesparcs.fr\/wp-content\/uploads\/2026\/03\/vlcsnap-2015-09-19-12h57m08s535-1024x576.jpg\" alt=\"Le cheval saute un obstacle\" class=\"wp-image-155\" style=\"object-fit:cover\" srcset=\"https:\/\/www.lesecuriesdesparcs.fr\/wp-content\/uploads\/2026\/03\/vlcsnap-2015-09-19-12h57m08s535-1024x576.jpg 1024w, https:\/\/www.lesecuriesdesparcs.fr\/wp-content\/uploads\/2026\/03\/vlcsnap-2015-09-19-12h57m08s535-300x169.jpg 300w, https:\/\/www.lesecuriesdesparcs.fr\/wp-content\/uploads\/2026\/03\/vlcsnap-2015-09-19-12h57m08s535-768x432.jpg 768w, https:\/\/www.lesecuriesdesparcs.fr\/wp-content\/uploads\/2026\/03\/vlcsnap-2015-09-19-12h57m08s535-1536x864.jpg 1536w, https:\/\/www.lesecuriesdesparcs.fr\/wp-content\/uploads\/2026\/03\/vlcsnap-2015-09-19-12h57m08s535-1000x563.jpg 1000w, https:\/\/www.lesecuriesdesparcs.fr\/wp-content\/uploads\/2026\/03\/vlcsnap-2015-09-19-12h57m08s535-1800x1013.jpg 1800w, https:\/\/www.lesecuriesdesparcs.fr\/wp-content\/uploads\/2026\/03\/vlcsnap-2015-09-19-12h57m08s535-996x560.jpg 996w, https:\/\/www.lesecuriesdesparcs.fr\/wp-content\/uploads\/2026\/03\/vlcsnap-2015-09-19-12h57m08s535-600x338.jpg 600w, https:\/\/www.lesecuriesdesparcs.fr\/wp-content\/uploads\/2026\/03\/vlcsnap-2015-09-19-12h57m08s535.jpg 1920w\" sizes=\"auto, (max-width: 1024px) 100vw, 1024px\" \/><\/figure>\n<\/div>\n\n\n\n<div class=\"wp-block-column is-layout-flow wp-block-column-is-layout-flow\">\n<h2 class=\"wp-block-heading\">Les comp\u00e9titions<\/h2>\n\n\n\n<p>Tout au long de l\u2019ann\u00e9e, il est propos\u00e9 aux cavaliers d\u00e9sireux de se confronter aux autres \u00e9curies du secteurs de participer \u00e0 des concours organis\u00e9s dans les centres \u00e9questres de la r\u00e9gion (La Baule, Mesquer, Saint-Nazaire, Gu\u00e9rande, Angers, Le Mans, etc&#8230;) mais aussi dans nos \u00e9curies qui organisent plusieurs fois dans l\u2019ann\u00e9e des comp\u00e9titions officielles (ainsi que des warm-up jeunes chevaux) et des concours internes. N\u2019oublions pas l\u2019objectif principal pour nos cavaliers comp\u00e9titeurs : les championnats de France \u00e0 Lamotte-Beuvron au mois de juillet.<\/p>\n<\/div>\n<\/div>\n<\/div>\n","protected":false},"excerpt":{"rendered":"<p>Les \u00e9curies proposent tout au long de l\u2019ann\u00e9e des cours du niveau d\u00e9butant au niveau galop 7, que vous d\u00e9siriez vous tournez vers l\u2019\u00e9quitation de loisir ou de comp\u00e9tition. Les cours Les&nbsp; enseignants des \u00e9curies, tous dipl\u00f4m\u00e9s d\u2019\u00e9tats, vous accompagnent dans la pratique des trois disciplines olympiques : dressage, saut [&hellip;]<\/p>\n","protected":false},"author":1,"featured_media":265,"parent":0,"menu_order":0,"comment_status":"closed","ping_status":"closed","template":"","meta":{"inspiro_page_layout":"narrow","inspiro_hide_title":false,"footnotes":""},"class_list":["post-153","page","type-page","status-publish","has-post-thumbnail","hentry"],"_links":{"self":[{"href":"https:\/\/www.lesecuriesdesparcs.fr\/index.php?rest_route=\/wp\/v2\/pages\/153","targetHints":{"allow":["GET"]}}],"collection":[{"href":"https:\/\/www.lesecuriesdesparcs.fr\/index.php?rest_route=\/wp\/v2\/pages"}],"about":[{"href":"https:\/\/www.lesecuriesdesparcs.fr\/index.php?rest_route=\/wp\/v2\/types\/page"}],"author":[{"embeddable":true,"href":"https:\/\/www.lesecuriesdesparcs.fr\/index.php?rest_route=\/wp\/v2\/users\/1"}],"replies":[{"embeddable":true,"href":"https:\/\/www.lesecuriesdesparcs.fr\/index.php?rest_route=%2Fwp%2Fv2%2Fcomments&post=153"}],"version-history":[{"count":6,"href":"https:\/\/www.lesecuriesdesparcs.fr\/index.php?rest_route=\/wp\/v2\/pages\/153\/revisions"}],"predecessor-version":[{"id":386,"href":"https:\/\/www.lesecuriesdesparcs.fr\/index.php?rest_route=\/wp\/v2\/pages\/153\/revisions\/386"}],"wp:featuredmedia":[{"embeddable":true,"href":"https:\/\/www.lesecuriesdesparcs.fr\/index.php?rest_route=\/wp\/v2\/media\/265"}],"wp:attachment":[{"href":"https:\/\/www.lesecuriesdesparcs.fr\/index.php?rest_route=%2Fwp%2Fv2%2Fmedia&parent=153"}],"curies":[{"name":"wp","href":"https:\/\/api.w.org\/{rel}","templated":true}]}}