{"id":158,"date":"2026-03-27T11:01:36","date_gmt":"2026-03-27T10:01:36","guid":{"rendered":"https:\/\/www.lesecuriesdesparcs.fr\/?page_id=158"},"modified":"2026-04-05T11:31:17","modified_gmt":"2026-04-05T09:31:17","slug":"le-poney","status":"publish","type":"page","link":"https:\/\/www.lesecuriesdesparcs.fr\/?page_id=158","title":{"rendered":"Le poney"},"content":{"rendered":"\n<p>Le poney club accueille les enfants d\u00e8s trois ans pour des ballades en main (dans l\u2019enceinte des \u00e9curies) ou pour des cours allant du baby-poneys au niveau confirm\u00e9. Nos vingt poneys shetlands sont tous adapt\u00e9s pour une d\u00e9couverte de l\u2019\u00e9quitation en toute s\u00e9curit\u00e9. \u2028En \u00e9t\u00e9, nos participons avec les deux autres centre \u00e9questre de la ville aux historiques Mini-Derbys de La Baule.<\/p>\n\n\n\n<div class=\"wp-block-group is-nowrap is-layout-flex wp-container-core-group-is-layout-6c531013 wp-block-group-is-layout-flex\">\n<div class=\"wp-block-columns is-layout-flex wp-container-core-columns-is-layout-28f84493 wp-block-columns-is-layout-flex\">\n<div class=\"wp-block-column is-layout-flow wp-block-column-is-layout-flow\">\n<h2 class=\"wp-block-heading\">Mon Pony&rsquo;versaire<\/h2>\n\n\n\n<p>pour les petits cavaliers qui souhaiteraient f\u00eater leur anniversaire entour\u00e9s de leurs amis et de leurs poneys pr\u00e9f\u00e9r\u00e9s, nous vous proposons une apr\u00e8s-midi (dix enfants maximum de 14h -16h) encadr\u00e9e par une monitrice afin de pratiquer des jeux \u00e0 poney. Le club house est \u00e0 disposition d\u00e8s 16h pour souffler les bougies. Sur r\u00e9servation.<\/p>\n<\/div>\n\n\n\n<div class=\"wp-block-column is-layout-flow wp-block-column-is-layout-flow\">\n<figure class=\"wp-block-image size-large\"><img loading=\"lazy\" decoding=\"async\" width=\"1024\" height=\"576\" src=\"https:\/\/www.lesecuriesdesparcs.fr\/wp-content\/uploads\/2026\/03\/enfant-poney-02-1024x576.jpg\" alt=\"Une enfant et le poney\" class=\"wp-image-159\" style=\"object-fit:cover\" srcset=\"https:\/\/www.lesecuriesdesparcs.fr\/wp-content\/uploads\/2026\/03\/enfant-poney-02-1024x576.jpg 1024w, https:\/\/www.lesecuriesdesparcs.fr\/wp-content\/uploads\/2026\/03\/enfant-poney-02-300x169.jpg 300w, https:\/\/www.lesecuriesdesparcs.fr\/wp-content\/uploads\/2026\/03\/enfant-poney-02-768x432.jpg 768w, https:\/\/www.lesecuriesdesparcs.fr\/wp-content\/uploads\/2026\/03\/enfant-poney-02-1536x864.jpg 1536w, https:\/\/www.lesecuriesdesparcs.fr\/wp-content\/uploads\/2026\/03\/enfant-poney-02-1000x563.jpg 1000w, https:\/\/www.lesecuriesdesparcs.fr\/wp-content\/uploads\/2026\/03\/enfant-poney-02-1800x1013.jpg 1800w, https:\/\/www.lesecuriesdesparcs.fr\/wp-content\/uploads\/2026\/03\/enfant-poney-02-996x560.jpg 996w, https:\/\/www.lesecuriesdesparcs.fr\/wp-content\/uploads\/2026\/03\/enfant-poney-02-600x338.jpg 600w, https:\/\/www.lesecuriesdesparcs.fr\/wp-content\/uploads\/2026\/03\/enfant-poney-02.jpg 1920w\" sizes=\"auto, (max-width: 1024px) 100vw, 1024px\" \/><\/figure>\n\n\n<style>.wp-block-kadence-advancedbtn.kb-btns158_f9a3a9-7a{gap:var(--global-kb-gap-xs, 0.5rem );justify-content:center;align-items:center;}.kt-btns158_f9a3a9-7a .kt-button{font-weight:normal;font-style:normal;}.kt-btns158_f9a3a9-7a .kt-btn-wrap-0{margin-right:5px;}.wp-block-kadence-advancedbtn.kt-btns158_f9a3a9-7a .kt-btn-wrap-0 .kt-button{color:#555555;border-color:#555555;}.wp-block-kadence-advancedbtn.kt-btns158_f9a3a9-7a .kt-btn-wrap-0 .kt-button:hover, .wp-block-kadence-advancedbtn.kt-btns158_f9a3a9-7a .kt-btn-wrap-0 .kt-button:focus{color:#ffffff;border-color:#444444;}.wp-block-kadence-advancedbtn.kt-btns158_f9a3a9-7a .kt-btn-wrap-0 .kt-button::before{display:none;}.wp-block-kadence-advancedbtn.kt-btns158_f9a3a9-7a .kt-btn-wrap-0 .kt-button:hover, .wp-block-kadence-advancedbtn.kt-btns158_f9a3a9-7a .kt-btn-wrap-0 .kt-button:focus{background:#444444;}<\/style>\n<div class=\"wp-block-kadence-advancedbtn kb-buttons-wrap kb-btns158_f9a3a9-7a\"><style>ul.menu .wp-block-kadence-advancedbtn .kb-btn158_b109a7-99.kb-button{width:initial;}.wp-block-kadence-advancedbtn .kb-btn158_b109a7-99.kb-button{background:#101010;font-size:var(--global-kb-font-size-md, 1.25rem);font-family:Arial, Helvetica, sans-serif;font-weight:bold;border-top-left-radius:5px;border-top-right-radius:5px;border-bottom-right-radius:5px;border-bottom-left-radius:5px;padding-top:var(--global-kb-spacing-xs, 1rem);padding-right:var(--global-kb-spacing-md, 2rem);padding-bottom:var(--global-kb-spacing-xs, 1rem);padding-left:var(--global-kb-spacing-md, 2rem);margin-top:var(--global-kb-spacing-xs, 1rem);margin-right:var(--global-kb-spacing-xs, 1rem);margin-bottom:var(--global-kb-spacing-xs, 1rem);margin-left:var(--global-kb-spacing-xs, 1rem);}.wp-block-kadence-advancedbtn .kb-btn158_b109a7-99.kb-button:hover, .wp-block-kadence-advancedbtn .kb-btn158_b109a7-99.kb-button:focus{background:#4176fb;}<\/style><a class=\"kb-button kt-button button kb-btn158_b109a7-99 kt-btn-size-standard kt-btn-width-type-auto kb-btn-global-fill  kt-btn-has-text-true kt-btn-has-svg-false  wp-block-kadence-singlebtn\" href=\"https:\/\/www.lesecuriesdesparcs.fr\/wp-content\/uploads\/2026\/04\/cours-poney25-26.jpg\" download=\"\"><span class=\"kt-btn-inner-text\">T\u00e9l\u00e9charger le planning des cours de poney<\/span><\/a><\/div>\n<\/div>\n<\/div>\n<\/div>\n\n\n\n<hr class=\"wp-block-separator has-alpha-channel-opacity is-style-wide\" style=\"margin-top:var(--wp--preset--spacing--small);margin-bottom:var(--wp--preset--spacing--small)\"\/>\n\n\n\n<div class=\"wp-block-group is-nowrap is-layout-flex wp-container-core-group-is-layout-6c531013 wp-block-group-is-layout-flex\">\n<div class=\"wp-block-columns is-layout-flex wp-container-core-columns-is-layout-28f84493 wp-block-columns-is-layout-flex\">\n<div class=\"wp-block-column is-layout-flow wp-block-column-is-layout-flow\">\n<figure class=\"wp-block-image size-large\"><img loading=\"lazy\" decoding=\"async\" width=\"1024\" height=\"576\" src=\"https:\/\/www.lesecuriesdesparcs.fr\/wp-content\/uploads\/2026\/03\/enfants-poney-01-1024x576.jpg\" alt=\"Un galop en poney\" class=\"wp-image-160\" style=\"object-fit:cover\" srcset=\"https:\/\/www.lesecuriesdesparcs.fr\/wp-content\/uploads\/2026\/03\/enfants-poney-01-1024x576.jpg 1024w, https:\/\/www.lesecuriesdesparcs.fr\/wp-content\/uploads\/2026\/03\/enfants-poney-01-300x169.jpg 300w, https:\/\/www.lesecuriesdesparcs.fr\/wp-content\/uploads\/2026\/03\/enfants-poney-01-768x432.jpg 768w, https:\/\/www.lesecuriesdesparcs.fr\/wp-content\/uploads\/2026\/03\/enfants-poney-01-1536x864.jpg 1536w, https:\/\/www.lesecuriesdesparcs.fr\/wp-content\/uploads\/2026\/03\/enfants-poney-01-1000x563.jpg 1000w, https:\/\/www.lesecuriesdesparcs.fr\/wp-content\/uploads\/2026\/03\/enfants-poney-01-1800x1013.jpg 1800w, https:\/\/www.lesecuriesdesparcs.fr\/wp-content\/uploads\/2026\/03\/enfants-poney-01-996x560.jpg 996w, https:\/\/www.lesecuriesdesparcs.fr\/wp-content\/uploads\/2026\/03\/enfants-poney-01-600x338.jpg 600w, https:\/\/www.lesecuriesdesparcs.fr\/wp-content\/uploads\/2026\/03\/enfants-poney-01.jpg 1920w\" sizes=\"auto, (max-width: 1024px) 100vw, 1024px\" \/><\/figure>\n<\/div>\n\n\n\n<div class=\"wp-block-column is-layout-flow wp-block-column-is-layout-flow\">\n<h2 class=\"wp-block-heading\">Les stages<\/h2>\n\n\n\n<p>Lors des vacances scolaires, le planning des \u00e9curies (centre \u00e9questre et poney club) s\u2019adapte pour proposer \u00e0 nos cavaliers habituels et aux cavaliers de passage des stages \u00e0 la demi-journ\u00e9e ou \u00e0 la journ\u00e9e compl\u00e8te. Ces stages permettant de valider les galops f\u00e9d\u00e9raux. Des cours particuliers et collectifs, ainsi que des balades de tous niveaux compl\u00e8tent le planning.<\/p>\n\n\n\n<div class=\"wp-block-buttons is-content-justification-center is-layout-flex wp-container-core-buttons-is-layout-a89b3969 wp-block-buttons-is-layout-flex\">\n<div class=\"wp-block-button\"><a class=\"wp-block-button__link has-x-small-font-size has-custom-font-size wp-element-button\" href=\"https:\/\/www.lesecuriesdesparcs.fr\/?page_id=177\" style=\"border-top-left-radius:5px;border-top-right-radius:5px;border-bottom-left-radius:5px;border-bottom-right-radius:5px\">Voir le planning des stages<\/a><\/div>\n<\/div>\n<\/div>\n<\/div>\n<\/div>\n\n\n\n<hr class=\"wp-block-separator has-alpha-channel-opacity is-style-wide\" style=\"margin-top:var(--wp--preset--spacing--small);margin-bottom:var(--wp--preset--spacing--small)\"\/>\n\n\n\n<div class=\"wp-block-group is-nowrap is-layout-flex wp-container-core-group-is-layout-6c531013 wp-block-group-is-layout-flex\">\n<div class=\"wp-block-columns is-layout-flex wp-container-core-columns-is-layout-28f84493 wp-block-columns-is-layout-flex\">\n<div class=\"wp-block-column is-layout-flow wp-block-column-is-layout-flow\">\n<h2 class=\"wp-block-heading\">Les balades<\/h2>\n\n\n\n<p>Au d\u00e9part des \u00e9curies des balades dans la campagne environnante sont propos\u00e9es d\u00e8s le niveau d\u00e9butant. L\u2019\u00e9t\u00e9, des balades sur la plage de La Baule sont \u00e9galement possible pour les cavaliers \u00e0 partir du niveau Galop 4 (valid\u00e9 au pr\u00e8s de la FFE), selon les marr\u00e9es et la r\u00e9glementation municipale en vigueur.<\/p>\n<\/div>\n\n\n\n<div class=\"wp-block-column is-layout-flow wp-block-column-is-layout-flow\">\n<figure class=\"wp-block-image size-large\"><img loading=\"lazy\" decoding=\"async\" width=\"1024\" height=\"684\" src=\"https:\/\/www.lesecuriesdesparcs.fr\/wp-content\/uploads\/2026\/03\/DSC0151-copie-1024x684.jpg\" alt=\"Balade en poney sur la plage\" class=\"wp-image-163\" style=\"object-fit:cover\" srcset=\"https:\/\/www.lesecuriesdesparcs.fr\/wp-content\/uploads\/2026\/03\/DSC0151-copie-1024x684.jpg 1024w, https:\/\/www.lesecuriesdesparcs.fr\/wp-content\/uploads\/2026\/03\/DSC0151-copie-300x200.jpg 300w, https:\/\/www.lesecuriesdesparcs.fr\/wp-content\/uploads\/2026\/03\/DSC0151-copie-768x513.jpg 768w, https:\/\/www.lesecuriesdesparcs.fr\/wp-content\/uploads\/2026\/03\/DSC0151-copie-1536x1025.jpg 1536w, https:\/\/www.lesecuriesdesparcs.fr\/wp-content\/uploads\/2026\/03\/DSC0151-copie-2048x1367.jpg 2048w, https:\/\/www.lesecuriesdesparcs.fr\/wp-content\/uploads\/2026\/03\/DSC0151-copie-2000x1335.jpg 2000w, https:\/\/www.lesecuriesdesparcs.fr\/wp-content\/uploads\/2026\/03\/DSC0151-copie-1000x668.jpg 1000w, https:\/\/www.lesecuriesdesparcs.fr\/wp-content\/uploads\/2026\/03\/DSC0151-copie-1800x1202.jpg 1800w, https:\/\/www.lesecuriesdesparcs.fr\/wp-content\/uploads\/2026\/03\/DSC0151-copie-839x560.jpg 839w, https:\/\/www.lesecuriesdesparcs.fr\/wp-content\/uploads\/2026\/03\/DSC0151-copie-600x401.jpg 600w, https:\/\/www.lesecuriesdesparcs.fr\/wp-content\/uploads\/2026\/03\/DSC0151-copie-1200x800.jpg 1200w\" sizes=\"auto, (max-width: 1024px) 100vw, 1024px\" \/><\/figure>\n<\/div>\n<\/div>\n<\/div>\n\n\n\n<hr class=\"wp-block-separator has-alpha-channel-opacity is-style-wide\" style=\"margin-top:var(--wp--preset--spacing--small);margin-bottom:var(--wp--preset--spacing--small)\"\/>\n\n\n\n<div class=\"wp-block-group is-nowrap is-layout-flex wp-container-core-group-is-layout-6c531013 wp-block-group-is-layout-flex\">\n<div class=\"wp-block-columns is-layout-flex wp-container-core-columns-is-layout-28f84493 wp-block-columns-is-layout-flex\">\n<div class=\"wp-block-column is-layout-flow wp-block-column-is-layout-flow\">\n<figure class=\"wp-block-image size-large\"><img loading=\"lazy\" decoding=\"async\" width=\"1024\" height=\"533\" src=\"https:\/\/www.lesecuriesdesparcs.fr\/wp-content\/uploads\/2026\/03\/barres-cso-1024x533.jpg\" alt=\"Barre de saut d'obstacle\" class=\"wp-image-164\" style=\"object-fit:cover\" srcset=\"https:\/\/www.lesecuriesdesparcs.fr\/wp-content\/uploads\/2026\/03\/barres-cso-1024x533.jpg 1024w, https:\/\/www.lesecuriesdesparcs.fr\/wp-content\/uploads\/2026\/03\/barres-cso-300x156.jpg 300w, https:\/\/www.lesecuriesdesparcs.fr\/wp-content\/uploads\/2026\/03\/barres-cso-768x400.jpg 768w, https:\/\/www.lesecuriesdesparcs.fr\/wp-content\/uploads\/2026\/03\/barres-cso-1536x800.jpg 1536w, https:\/\/www.lesecuriesdesparcs.fr\/wp-content\/uploads\/2026\/03\/barres-cso-2048x1067.jpg 2048w, https:\/\/www.lesecuriesdesparcs.fr\/wp-content\/uploads\/2026\/03\/barres-cso-2000x1042.jpg 2000w, https:\/\/www.lesecuriesdesparcs.fr\/wp-content\/uploads\/2026\/03\/barres-cso-1000x521.jpg 1000w, https:\/\/www.lesecuriesdesparcs.fr\/wp-content\/uploads\/2026\/03\/barres-cso-1800x938.jpg 1800w, https:\/\/www.lesecuriesdesparcs.fr\/wp-content\/uploads\/2026\/03\/barres-cso-1075x560.jpg 1075w, https:\/\/www.lesecuriesdesparcs.fr\/wp-content\/uploads\/2026\/03\/barres-cso-600x313.jpg 600w\" sizes=\"auto, (max-width: 1024px) 100vw, 1024px\" \/><\/figure>\n<\/div>\n\n\n\n<div class=\"wp-block-column is-layout-flow wp-block-column-is-layout-flow\">\n<h2 class=\"wp-block-heading\">Les comp\u00e9titions<\/h2>\n\n\n\n<p>Tout au long de l\u2019ann\u00e9e, il est propos\u00e9 aux cavaliers d\u00e9sireux de se confronter aux autres \u00e9curies du secteurs de participer \u00e0 des concours organis\u00e9s dans les centres \u00e9questres de la r\u00e9gion (La Baule, Mesquer, Saint-Nazaire, Gu\u00e9rande, Angers, Le Mans, etc) mais aussi dans nos \u00e9curies qui organisent plusieurs fois dans l\u2019ann\u00e9e des comp\u00e9titions officielles (ainsi que des warm-up jeunes chevaux) et des concours internes. N\u2019oublions pas l\u2019objectif principal pour nos cavaliers comp\u00e9titeurs : les championnats de France \u00e0 Lamotte-Beuvron au mois de juillet.<\/p>\n<\/div>\n<\/div>\n<\/div>\n","protected":false},"excerpt":{"rendered":"<p>Le poney club accueille les enfants d\u00e8s trois ans pour des ballades en main (dans l\u2019enceinte des \u00e9curies) ou pour des cours allant du baby-poneys au niveau confirm\u00e9. Nos vingt poneys shetlands sont tous adapt\u00e9s pour une d\u00e9couverte de l\u2019\u00e9quitation en toute s\u00e9curit\u00e9. \u2028En \u00e9t\u00e9, nos participons avec les deux [&hellip;]<\/p>\n","protected":false},"author":1,"featured_media":263,"parent":0,"menu_order":0,"comment_status":"closed","ping_status":"closed","template":"","meta":{"inspiro_page_layout":"narrow","inspiro_hide_title":false,"footnotes":""},"class_list":["post-158","page","type-page","status-publish","has-post-thumbnail","hentry"],"_links":{"self":[{"href":"https:\/\/www.lesecuriesdesparcs.fr\/index.php?rest_route=\/wp\/v2\/pages\/158","targetHints":{"allow":["GET"]}}],"collection":[{"href":"https:\/\/www.lesecuriesdesparcs.fr\/index.php?rest_route=\/wp\/v2\/pages"}],"about":[{"href":"https:\/\/www.lesecuriesdesparcs.fr\/index.php?rest_route=\/wp\/v2\/types\/page"}],"author":[{"embeddable":true,"href":"https:\/\/www.lesecuriesdesparcs.fr\/index.php?rest_route=\/wp\/v2\/users\/1"}],"replies":[{"embeddable":true,"href":"https:\/\/www.lesecuriesdesparcs.fr\/index.php?rest_route=%2Fwp%2Fv2%2Fcomments&post=158"}],"version-history":[{"count":9,"href":"https:\/\/www.lesecuriesdesparcs.fr\/index.php?rest_route=\/wp\/v2\/pages\/158\/revisions"}],"predecessor-version":[{"id":384,"href":"https:\/\/www.lesecuriesdesparcs.fr\/index.php?rest_route=\/wp\/v2\/pages\/158\/revisions\/384"}],"wp:featuredmedia":[{"embeddable":true,"href":"https:\/\/www.lesecuriesdesparcs.fr\/index.php?rest_route=\/wp\/v2\/media\/263"}],"wp:attachment":[{"href":"https:\/\/www.lesecuriesdesparcs.fr\/index.php?rest_route=%2Fwp%2Fv2%2Fmedia&parent=158"}],"curies":[{"name":"wp","href":"https:\/\/api.w.org\/{rel}","templated":true}]}}