{"id":177,"date":"2026-03-27T11:17:34","date_gmt":"2026-03-27T10:17:34","guid":{"rendered":"https:\/\/www.lesecuriesdesparcs.fr\/?page_id=177"},"modified":"2026-04-07T10:39:21","modified_gmt":"2026-04-07T08:39:21","slug":"les-stages","status":"publish","type":"page","link":"https:\/\/www.lesecuriesdesparcs.fr\/?page_id=177","title":{"rendered":"Les stages"},"content":{"rendered":"\n<p>Lors des vacances scolaires, le planning des \u00e9curies (centre \u00e9questre et poney club) s\u2019adapte pour proposer \u00e0 nos cavaliers habituels et aux cavaliers de passage des stages \u00e0 la demi-journ\u00e9e ou \u00e0 la journ\u00e9e compl\u00e8te. Ces stages permettant de valider les galops f\u00e9d\u00e9raux. Des cours particuliers et collectifs, ainsi que des balades de tous niveaux compl\u00e8tent le planning.<\/p>\n\n\n\n<p class=\"has-text-align-center\"><a href=\"https:\/\/www.lesecuriesdesparcs.fr\/?page_id=186\">Contactez-nous<\/a> pour vous inscrire ou pour tous renseignements : 07 78 46 43 99<\/p>\n\n\n\n<div class=\"wp-block-columns is-layout-flex wp-container-core-columns-is-layout-28f84493 wp-block-columns-is-layout-flex\">\n<div class=\"wp-block-column is-layout-flow wp-block-column-is-layout-flow\">\n<h2 class=\"wp-block-heading has-text-align-center\">Stage cheval<\/h2>\n\n\n\n<p class=\"has-text-align-center\">Pour les vacances de P\u00e2ques 2026<\/p>\n\n\n\n<figure class=\"wp-block-image size-full\"><a href=\"https:\/\/www.lesecuriesdesparcs.fr\/wp-content\/uploads\/2026\/03\/actu05.jpg\" target=\"_blank\"><img loading=\"lazy\" decoding=\"async\" width=\"512\" height=\"640\" src=\"https:\/\/www.lesecuriesdesparcs.fr\/wp-content\/uploads\/2026\/03\/actu05.jpg\" alt=\"Planning p\u00e2ques 2026\" class=\"wp-image-70\" title=\"\" srcset=\"https:\/\/www.lesecuriesdesparcs.fr\/wp-content\/uploads\/2026\/03\/actu05.jpg 512w, https:\/\/www.lesecuriesdesparcs.fr\/wp-content\/uploads\/2026\/03\/actu05-240x300.jpg 240w, https:\/\/www.lesecuriesdesparcs.fr\/wp-content\/uploads\/2026\/03\/actu05-448x560.jpg 448w\" sizes=\"auto, (max-width: 512px) 100vw, 512px\" \/><\/a><\/figure>\n\n\n<style>.wp-block-kadence-advancedbtn.kb-btns177_48e3e2-73{gap:var(--global-kb-gap-xs, 0.5rem );justify-content:center;align-items:center;}.kt-btns177_48e3e2-73 .kt-button{font-weight:normal;font-style:normal;}.kt-btns177_48e3e2-73 .kt-btn-wrap-0{margin-right:5px;}.wp-block-kadence-advancedbtn.kt-btns177_48e3e2-73 .kt-btn-wrap-0 .kt-button{color:#555555;border-color:#555555;}.wp-block-kadence-advancedbtn.kt-btns177_48e3e2-73 .kt-btn-wrap-0 .kt-button:hover, .wp-block-kadence-advancedbtn.kt-btns177_48e3e2-73 .kt-btn-wrap-0 .kt-button:focus{color:#ffffff;border-color:#444444;}.wp-block-kadence-advancedbtn.kt-btns177_48e3e2-73 .kt-btn-wrap-0 .kt-button::before{display:none;}.wp-block-kadence-advancedbtn.kt-btns177_48e3e2-73 .kt-btn-wrap-0 .kt-button:hover, .wp-block-kadence-advancedbtn.kt-btns177_48e3e2-73 .kt-btn-wrap-0 .kt-button:focus{background:#444444;}<\/style>\n<div class=\"wp-block-kadence-advancedbtn kb-buttons-wrap kb-btns177_48e3e2-73\"><style>ul.menu .wp-block-kadence-advancedbtn .kb-btn177_320727-04.kb-button{width:initial;}.wp-block-kadence-advancedbtn .kb-btn177_320727-04.kb-button{color:#f9fafd;background:#101010;font-size:var(--global-kb-font-size-md, 1.25rem);font-family:Helvetica, sans-serif;font-weight:bold;border-top-left-radius:5px;border-top-right-radius:5px;border-bottom-right-radius:5px;border-bottom-left-radius:5px;padding-top:var(--global-kb-spacing-xs, 1rem);padding-right:var(--global-kb-spacing-sm, 1.5rem);padding-bottom:var(--global-kb-spacing-xs, 1rem);padding-left:var(--global-kb-spacing-sm, 1.5rem);margin-top:var(--global-kb-spacing-xxs, 0.5rem);margin-right:var(--global-kb-spacing-xxs, 0.5rem);margin-bottom:var(--global-kb-spacing-xxs, 0.5rem);margin-left:var(--global-kb-spacing-xxs, 0.5rem);}.wp-block-kadence-advancedbtn .kb-btn177_320727-04.kb-button:hover, .wp-block-kadence-advancedbtn .kb-btn177_320727-04.kb-button:focus{color:#ffffff;background:#4176fb;}<\/style><a class=\"kb-button kt-button button kb-btn177_320727-04 kt-btn-size-standard kt-btn-width-type-auto kb-btn-global-fill  kt-btn-has-text-true kt-btn-has-svg-false  wp-block-kadence-singlebtn\" href=\"https:\/\/www.lesecuriesdesparcs.fr\/wp-content\/uploads\/2026\/03\/actu05.jpg\" download=\"\"><span class=\"kt-btn-inner-text\">T\u00e9l\u00e9charger le planning<\/span><\/a><\/div>\n<\/div>\n\n\n\n<div class=\"wp-block-column is-layout-flow wp-block-column-is-layout-flow\">\n<h2 class=\"wp-block-heading has-text-align-center\">Stage poney<\/h2>\n\n\n\n<p class=\"has-text-align-center\">Pour les vacances de P\u00e2ques 2026<\/p>\n\n\n\n<figure class=\"wp-block-image size-full\"><a href=\"https:\/\/www.lesecuriesdesparcs.fr\/wp-content\/uploads\/2026\/03\/actu06.jpg\" target=\"_blank\" rel=\" noreferrer noopener\"><img loading=\"lazy\" decoding=\"async\" width=\"512\" height=\"640\" src=\"https:\/\/www.lesecuriesdesparcs.fr\/wp-content\/uploads\/2026\/03\/actu06.jpg\" alt=\"Planning poney vacances de P\u00e2ques 2026\" class=\"wp-image-75\" srcset=\"https:\/\/www.lesecuriesdesparcs.fr\/wp-content\/uploads\/2026\/03\/actu06.jpg 512w, https:\/\/www.lesecuriesdesparcs.fr\/wp-content\/uploads\/2026\/03\/actu06-240x300.jpg 240w, https:\/\/www.lesecuriesdesparcs.fr\/wp-content\/uploads\/2026\/03\/actu06-448x560.jpg 448w\" sizes=\"auto, (max-width: 512px) 100vw, 512px\" \/><\/a><\/figure>\n\n\n<style>.wp-block-kadence-advancedbtn.kb-btns177_29357f-76{gap:var(--global-kb-gap-xs, 0.5rem );justify-content:center;align-items:center;}.kt-btns177_29357f-76 .kt-button{font-weight:normal;font-style:normal;}.kt-btns177_29357f-76 .kt-btn-wrap-0{margin-right:5px;}.wp-block-kadence-advancedbtn.kt-btns177_29357f-76 .kt-btn-wrap-0 .kt-button{color:#555555;border-color:#555555;}.wp-block-kadence-advancedbtn.kt-btns177_29357f-76 .kt-btn-wrap-0 .kt-button:hover, .wp-block-kadence-advancedbtn.kt-btns177_29357f-76 .kt-btn-wrap-0 .kt-button:focus{color:#ffffff;border-color:#444444;}.wp-block-kadence-advancedbtn.kt-btns177_29357f-76 .kt-btn-wrap-0 .kt-button::before{display:none;}.wp-block-kadence-advancedbtn.kt-btns177_29357f-76 .kt-btn-wrap-0 .kt-button:hover, .wp-block-kadence-advancedbtn.kt-btns177_29357f-76 .kt-btn-wrap-0 .kt-button:focus{background:#444444;}<\/style>\n<div class=\"wp-block-kadence-advancedbtn kb-buttons-wrap kb-btns177_29357f-76\"><style>ul.menu .wp-block-kadence-advancedbtn .kb-btn177_a68a67-ac.kb-button{width:initial;}.wp-block-kadence-advancedbtn .kb-btn177_a68a67-ac.kb-button{color:#f9fafd;background:#101010;font-size:var(--global-kb-font-size-md, 1.25rem);font-family:Arial, Helvetica, sans-serif;font-weight:bold;border-top-left-radius:5px;border-top-right-radius:5px;border-bottom-right-radius:5px;border-bottom-left-radius:5px;padding-top:var(--global-kb-spacing-xs, 1rem);padding-right:var(--global-kb-spacing-sm, 1.5rem);padding-bottom:var(--global-kb-spacing-xs, 1rem);padding-left:var(--global-kb-spacing-sm, 1.5rem);margin-top:var(--global-kb-spacing-xxs, 0.5rem);margin-right:var(--global-kb-spacing-xxs, 0.5rem);margin-bottom:var(--global-kb-spacing-xxs, 0.5rem);margin-left:var(--global-kb-spacing-xxs, 0.5rem);}.wp-block-kadence-advancedbtn .kb-btn177_a68a67-ac.kb-button:hover, .wp-block-kadence-advancedbtn .kb-btn177_a68a67-ac.kb-button:focus{color:#ffffff;background:#4176fb;}<\/style><a class=\"kb-button kt-button button kb-btn177_a68a67-ac kt-btn-size-standard kt-btn-width-type-auto kb-btn-global-fill  kt-btn-has-text-true kt-btn-has-svg-false  wp-block-kadence-singlebtn\" href=\"https:\/\/www.lesecuriesdesparcs.fr\/wp-content\/uploads\/2026\/03\/actu06.jpg\" download=\"\"><span class=\"kt-btn-inner-text\">T\u00e9l\u00e9charger le planning<\/span><\/a><\/div>\n<\/div>\n<\/div>\n\n\n\n<p><\/p>\n","protected":false},"excerpt":{"rendered":"<p>Lors des vacances scolaires, le planning des \u00e9curies (centre \u00e9questre et poney club) s\u2019adapte pour proposer \u00e0 nos cavaliers habituels et aux cavaliers de passage des stages \u00e0 la demi-journ\u00e9e ou \u00e0 la journ\u00e9e compl\u00e8te. Ces stages permettant de valider les galops f\u00e9d\u00e9raux. Des cours particuliers et collectifs, ainsi que [&hellip;]<\/p>\n","protected":false},"author":1,"featured_media":0,"parent":0,"menu_order":0,"comment_status":"closed","ping_status":"closed","template":"","meta":{"inspiro_page_layout":"narrow","inspiro_hide_title":false,"footnotes":""},"class_list":["post-177","page","type-page","status-publish","hentry"],"_links":{"self":[{"href":"https:\/\/www.lesecuriesdesparcs.fr\/index.php?rest_route=\/wp\/v2\/pages\/177","targetHints":{"allow":["GET"]}}],"collection":[{"href":"https:\/\/www.lesecuriesdesparcs.fr\/index.php?rest_route=\/wp\/v2\/pages"}],"about":[{"href":"https:\/\/www.lesecuriesdesparcs.fr\/index.php?rest_route=\/wp\/v2\/types\/page"}],"author":[{"embeddable":true,"href":"https:\/\/www.lesecuriesdesparcs.fr\/index.php?rest_route=\/wp\/v2\/users\/1"}],"replies":[{"embeddable":true,"href":"https:\/\/www.lesecuriesdesparcs.fr\/index.php?rest_route=%2Fwp%2Fv2%2Fcomments&post=177"}],"version-history":[{"count":28,"href":"https:\/\/www.lesecuriesdesparcs.fr\/index.php?rest_route=\/wp\/v2\/pages\/177\/revisions"}],"predecessor-version":[{"id":397,"href":"https:\/\/www.lesecuriesdesparcs.fr\/index.php?rest_route=\/wp\/v2\/pages\/177\/revisions\/397"}],"wp:attachment":[{"href":"https:\/\/www.lesecuriesdesparcs.fr\/index.php?rest_route=%2Fwp%2Fv2%2Fmedia&parent=177"}],"curies":[{"name":"wp","href":"https:\/\/api.w.org\/{rel}","templated":true}]}}