{"id":186,"date":"2026-03-27T11:35:10","date_gmt":"2026-03-27T10:35:10","guid":{"rendered":"https:\/\/www.lesecuriesdesparcs.fr\/?page_id=186"},"modified":"2026-03-27T11:41:21","modified_gmt":"2026-03-27T10:41:21","slug":"nous-contacter","status":"publish","type":"page","link":"https:\/\/www.lesecuriesdesparcs.fr\/?page_id=186","title":{"rendered":"Nous contacter"},"content":{"rendered":"\n<p>Merci d&rsquo;utiliser ce formulaire pour toutes demandes de renseignements ou d&rsquo;informations.<br>Nous vous r\u00e9pondons dans les meilleurs d\u00e9lais.<\/p>\n\n\n<style>#wpzf-185 + .notice { margin-top: 20px; padding: 15px; border-radius: 4px; }#wpzf-185 + .notice.success { background-color: #e7f7ed; color: #227045; border-left: 4px solid #46b450; }#wpzf-185 + .notice.error { background-color: #fde8e8; color: #8a1f11; border-left: 4px solid #cc0000; }#wpzf-185 + .notice p { margin: 0; }#wpzf-185-notice { scroll-margin-top: 24px; }<\/style><!-- ZOOM Forms Start -->\n\t\t\t<form id=\"wpzf-185\" method=\"post\" action=\"https:\/\/www.lesecuriesdesparcs.fr\/wp-admin\/admin-post.php\" class=\"wpzoom-forms_form\">\n\t\t\t<input type=\"hidden\" name=\"action\" value=\"wpzf_submit\" \/>\n\t\t\t<input type=\"hidden\" name=\"form_id\" value=\"185\" \/>\n\t\t\t<input type=\"hidden\" id=\"_wpnonce\" name=\"_wpnonce\" value=\"67ed7176c9\" \/><input type=\"hidden\" name=\"_wp_http_referer\" value=\"\/index.php?rest_route=%2Fwp%2Fv2%2Fpages%2F186\" \/>\n\t\t\t\n<div class=\"wp-block-wpzoom-forms-form\">\n<label for=\"input_ae87379b\"><span>Pr\u00e9nom et nom<\/span><sup class=\"wp-block-wpzoom-forms-required\">*<\/sup><\/label><input type=\"text\" name=\"wpzf_input_ae87379b\" id=\"input_ae87379b\" placeholder=\"\" required class=\"wp-block-wpzoom-forms-text-name-field\"\/>\n\n\n\n<label for=\"input_8468ae36\"><span>E-mail<\/span><sup class=\"wp-block-wpzoom-forms-required\">*<\/sup><\/label><input type=\"email\" name=\"wpzf_input_8468ae36\" id=\"input_8468ae36\" placeholder=\"\" required data-replyto=\"false\" class=\"wp-block-wpzoom-forms-text-email-field\"\/>\n\n\n\n<label for=\"input_084262ab\"><span>Object<\/span><sup class=\"wp-block-wpzoom-forms-required\">*<\/sup><\/label><input type=\"text\" name=\"wpzf_input_084262ab\" id=\"input_084262ab\" placeholder=\"\" required data-subject=\"true\" class=\"wp-block-wpzoom-forms-text-plain-field\"\/>\n\n\n\n<label for=\"input_9d8d7aa6\"><span>Message<\/span><\/label><textarea name=\"wpzf_input_9d8d7aa6\" id=\"input_9d8d7aa6\" cols=\"55\" rows=\"10\" placeholder=\"\" class=\"wp-block-wpzoom-forms-textarea-field\"><\/textarea>\n\n\n\n<div class=\"wp-block-columns are-vertically-aligned-center is-layout-flex wp-container-core-columns-is-layout-28f84493 wp-block-columns-is-layout-flex\">\n<div class=\"wp-block-column is-vertically-aligned-center is-layout-flow wp-block-column-is-layout-flow\" style=\"flex-basis:30%\">\n<input   type=\"submit\" data-sitekey=\"6Lci21QqAAAAAE63SdElqQmjSxYxJlHdHoyf9hSj\" data-callback=\"wpzf_submit\" data-action=\"submit\" data-badge=\"bottomright\"  id=\"input_submit\" value=\"Envoyer\"  class=\"wp-block-wpzoom-forms-submit-field g-recaptcha\"\/>\n<\/div>\n\n\n\n<div class=\"wp-block-column is-vertically-aligned-center is-layout-flow wp-block-column-is-layout-flow\" style=\"flex-basis:70%\">\n<p class=\"has-text-align-right\" style=\"font-size:clamp(14px, 0.875rem + ((1vw - 3.2px) * 0.208), 16px);px\">Les champs marqu\u00e9s d'un <strong class=\"has-accent-color has-text-color\">*<\/strong> sont obligatoires.<\/p>\n<\/div>\n<\/div>\n<\/div>\n\n\t\t\t<input type=\"hidden\" name=\"wpzf_subject\" value=\"wpzf_input_084262ab\" \/><\/form>\n\t\t\t\n\t\t\t<!-- ZOOM Forms End -->\n\n\n\n<div class=\"wp-block-group has-global-padding is-layout-constrained wp-block-group-is-layout-constrained\">\n<hr class=\"wp-block-separator has-alpha-channel-opacity is-style-wide\" style=\"margin-top:var(--wp--preset--spacing--small);margin-bottom:var(--wp--preset--spacing--small)\"\/>\n\n\n\n<h2 class=\"wp-block-heading\">Pour nous trouver ?<\/h2>\n\n\n\n<p class=\"has-medium-font-size\"><strong>Les \u00c9curies des Parcs<\/strong> : \u00e0 5min du centre de Pornichet et 10min du centre de La Baule<\/p>\n\n\n\n<div class=\"wp-block-columns is-layout-flex wp-container-core-columns-is-layout-28f84493 wp-block-columns-is-layout-flex\">\n<div class=\"wp-block-column is-layout-flow wp-block-column-is-layout-flow\">\n<p class=\"has-text-align-center\">28 Chem. des Grands Parcs, 44500 La Baule-Escoublac<\/p>\n<\/div>\n\n\n\n<div class=\"wp-block-column is-layout-flow wp-block-column-is-layout-flow\">\n<p class=\"has-text-align-center\">T\u00e9l\u00e9phone<br>07 78 46 43 99<\/p>\n<\/div>\n\n\n\n<div class=\"wp-block-column is-layout-flow wp-block-column-is-layout-flow\">\n<div class=\"wp-block-buttons is-content-justification-center is-layout-flex wp-container-core-buttons-is-layout-a89b3969 wp-block-buttons-is-layout-flex\">\n<div class=\"wp-block-button is-style-outline is-style-outline--1\"><a class=\"wp-block-button__link wp-element-button\" href=\"https:\/\/www.google.fr\/maps\/dir\/\/Les+Ecuries+des+Parcs,+28+Chem.+des+Grands+Parcs,+44500+La+Baule-Escoublac\/@47.2825682,-2.3160322,820m\/data=!3m1!1e3!4m16!1m7!3m6!1s0x4805672bc7d22957:0x94fe10fec0d2b7e!2sLes+Ecuries+des+Parcs!8m2!3d47.2825682!4d-2.3160322!16s%2Fg%2F11vyj326nh!4m7!1m0!1m5!1m1!1s0x4805672bc7d22957:0x94fe10fec0d2b7e!2m2!1d-2.3160322!2d47.2825682?hl=fr&amp;entry=ttu&amp;g_ep=EgoyMDI2MDMyMy4xIKXMDSoASAFQAw%3D%3D\" target=\"_blank\" rel=\"noreferrer noopener\">Voir l&rsquo;itin\u00e9raire<\/a><\/div>\n<\/div>\n<\/div>\n<\/div>\n<\/div>\n\n\n\n<iframe src=\"https:\/\/www.google.com\/maps\/embed?pb=!1m18!1m12!1m3!1d3570.067679109177!2d-2.3160322!3d47.28256819999999!2m3!1f0!2f0!3f0!3m2!1i1024!2i768!4f13.1!3m3!1m2!1s0x4805672bc7d22957%3A0x94fe10fec0d2b7e!2sLes%20Ecuries%20des%20Parcs!5e1!3m2!1sfr!2sfr!4v1774519354924!5m2!1sfr!2sfr\" width=\"100%\" height=\"450\" style=\"border:0;\" allowfullscreen=\"\" loading=\"lazy\" referrerpolicy=\"no-referrer-when-downgrade\"><\/iframe>\n","protected":false},"excerpt":{"rendered":"<p>Merci d&rsquo;utiliser ce formulaire pour toutes demandes de renseignements ou d&rsquo;informations.Nous vous r\u00e9pondons dans les meilleurs d\u00e9lais. Pour nous trouver ? Les \u00c9curies des Parcs : \u00e0 5min du centre de Pornichet et 10min du centre de La Baule 28 Chem. des Grands Parcs, 44500 La Baule-Escoublac T\u00e9l\u00e9phone07 78 46 [&hellip;]<\/p>\n","protected":false},"author":1,"featured_media":164,"parent":0,"menu_order":0,"comment_status":"closed","ping_status":"closed","template":"","meta":{"inspiro_page_layout":"narrow","inspiro_hide_title":false,"footnotes":""},"class_list":["post-186","page","type-page","status-publish","has-post-thumbnail","hentry"],"_links":{"self":[{"href":"https:\/\/www.lesecuriesdesparcs.fr\/index.php?rest_route=\/wp\/v2\/pages\/186","targetHints":{"allow":["GET"]}}],"collection":[{"href":"https:\/\/www.lesecuriesdesparcs.fr\/index.php?rest_route=\/wp\/v2\/pages"}],"about":[{"href":"https:\/\/www.lesecuriesdesparcs.fr\/index.php?rest_route=\/wp\/v2\/types\/page"}],"author":[{"embeddable":true,"href":"https:\/\/www.lesecuriesdesparcs.fr\/index.php?rest_route=\/wp\/v2\/users\/1"}],"replies":[{"embeddable":true,"href":"https:\/\/www.lesecuriesdesparcs.fr\/index.php?rest_route=%2Fwp%2Fv2%2Fcomments&post=186"}],"version-history":[{"count":1,"href":"https:\/\/www.lesecuriesdesparcs.fr\/index.php?rest_route=\/wp\/v2\/pages\/186\/revisions"}],"predecessor-version":[{"id":187,"href":"https:\/\/www.lesecuriesdesparcs.fr\/index.php?rest_route=\/wp\/v2\/pages\/186\/revisions\/187"}],"wp:featuredmedia":[{"embeddable":true,"href":"https:\/\/www.lesecuriesdesparcs.fr\/index.php?rest_route=\/wp\/v2\/media\/164"}],"wp:attachment":[{"href":"https:\/\/www.lesecuriesdesparcs.fr\/index.php?rest_route=%2Fwp%2Fv2%2Fmedia&parent=186"}],"curies":[{"name":"wp","href":"https:\/\/api.w.org\/{rel}","templated":true}]}}