{"id":243,"date":"2026-03-30T11:48:37","date_gmt":"2026-03-30T09:48:37","guid":{"rendered":"https:\/\/www.lesecuriesdesparcs.fr\/?page_id=243"},"modified":"2026-03-30T12:27:56","modified_gmt":"2026-03-30T10:27:56","slug":"le-bon-cadeau","status":"publish","type":"page","link":"https:\/\/www.lesecuriesdesparcs.fr\/?page_id=243","title":{"rendered":"Le bon cadeau"},"content":{"rendered":"\n<div class=\"wp-block-columns is-layout-flex wp-container-core-columns-is-layout-28f84493 wp-block-columns-is-layout-flex\">\n<div class=\"wp-block-column is-layout-flow wp-block-column-is-layout-flow\">\n<figure class=\"wp-block-image aligncenter size-large is-resized\"><img loading=\"lazy\" decoding=\"async\" width=\"1024\" height=\"1024\" src=\"https:\/\/www.lesecuriesdesparcs.fr\/wp-content\/uploads\/2026\/03\/Cheval-sort-du-paquet-cadeau-1024x1024.jpg\" alt=\"Un cheval sort d'un paquet cadeau\" class=\"wp-image-249\" style=\"width:244px;height:auto\" srcset=\"https:\/\/www.lesecuriesdesparcs.fr\/wp-content\/uploads\/2026\/03\/Cheval-sort-du-paquet-cadeau-1024x1024.jpg 1024w, https:\/\/www.lesecuriesdesparcs.fr\/wp-content\/uploads\/2026\/03\/Cheval-sort-du-paquet-cadeau-300x300.jpg 300w, https:\/\/www.lesecuriesdesparcs.fr\/wp-content\/uploads\/2026\/03\/Cheval-sort-du-paquet-cadeau-150x150.jpg 150w, https:\/\/www.lesecuriesdesparcs.fr\/wp-content\/uploads\/2026\/03\/Cheval-sort-du-paquet-cadeau-768x768.jpg 768w, https:\/\/www.lesecuriesdesparcs.fr\/wp-content\/uploads\/2026\/03\/Cheval-sort-du-paquet-cadeau-1536x1536.jpg 1536w, https:\/\/www.lesecuriesdesparcs.fr\/wp-content\/uploads\/2026\/03\/Cheval-sort-du-paquet-cadeau-2000x2000.jpg 2000w, https:\/\/www.lesecuriesdesparcs.fr\/wp-content\/uploads\/2026\/03\/Cheval-sort-du-paquet-cadeau-1000x1000.jpg 1000w, https:\/\/www.lesecuriesdesparcs.fr\/wp-content\/uploads\/2026\/03\/Cheval-sort-du-paquet-cadeau-280x280.jpg 280w, https:\/\/www.lesecuriesdesparcs.fr\/wp-content\/uploads\/2026\/03\/Cheval-sort-du-paquet-cadeau-1800x1800.jpg 1800w, https:\/\/www.lesecuriesdesparcs.fr\/wp-content\/uploads\/2026\/03\/Cheval-sort-du-paquet-cadeau-560x560.jpg 560w, https:\/\/www.lesecuriesdesparcs.fr\/wp-content\/uploads\/2026\/03\/Cheval-sort-du-paquet-cadeau-600x600.jpg 600w, https:\/\/www.lesecuriesdesparcs.fr\/wp-content\/uploads\/2026\/03\/Cheval-sort-du-paquet-cadeau-800x800.jpg 800w, https:\/\/www.lesecuriesdesparcs.fr\/wp-content\/uploads\/2026\/03\/Cheval-sort-du-paquet-cadeau.jpg 2048w\" sizes=\"auto, (max-width: 1024px) 100vw, 1024px\" \/><\/figure>\n<\/div>\n\n\n\n<div class=\"wp-block-column is-layout-flow wp-block-column-is-layout-flow\">\n<p>Une id\u00e9e originale pour vos proches cavaliers exp\u00e9riment\u00e9s ou d\u00e9butant !  Peu importe l\u2019\u00e2ge et le niveau de la personne, les \u00e9curies proposent des bons cadeaux du montant de votre choix, valable un an, sur n\u2019importe quelle prestation propos\u00e9e dans la structure.<\/p>\n\n\n\n<p>Balades, stages, anniversaire, initiation : <br>Contactez-nous pour pr\u00e9parer ensemble ce moment unique.<br><\/p>\n\n\n\n<p><\/p>\n<\/div>\n<\/div>\n\n\n<style>#wpzf-245 + .notice { margin-top: 20px; padding: 15px; border-radius: 4px; }#wpzf-245 + .notice.success { background-color: #e7f7ed; color: #227045; border-left: 4px solid #46b450; }#wpzf-245 + .notice.error { background-color: #fde8e8; color: #8a1f11; border-left: 4px solid #cc0000; }#wpzf-245 + .notice p { margin: 0; }#wpzf-245-notice { scroll-margin-top: 24px; }<\/style><!-- ZOOM Forms Start -->\n\t\t\t<form id=\"wpzf-245\" method=\"post\" action=\"https:\/\/www.lesecuriesdesparcs.fr\/wp-admin\/admin-post.php\" class=\"wpzoom-forms_form\">\n\t\t\t<input type=\"hidden\" name=\"action\" value=\"wpzf_submit\" \/>\n\t\t\t<input type=\"hidden\" name=\"form_id\" value=\"245\" \/>\n\t\t\t<input type=\"hidden\" id=\"_wpnonce\" name=\"_wpnonce\" value=\"67ed7176c9\" \/><input type=\"hidden\" name=\"_wp_http_referer\" value=\"\/index.php?rest_route=%2Fwp%2Fv2%2Fpages%2F243\" \/>\n\t\t\t\n<div class=\"wp-block-wpzoom-forms-form\">\n<label for=\"input_ae87379b\"><span>Pr\u00e9nom et Nom<\/span><sup class=\"wp-block-wpzoom-forms-required\">*<\/sup><\/label><input type=\"text\" name=\"wpzf_input_ae87379b\" id=\"input_ae87379b\" placeholder=\"\" required class=\"wp-block-wpzoom-forms-text-name-field\"\/>\n\n\n\n<label for=\"input_8468ae36\"><span>E-mail<\/span><sup class=\"wp-block-wpzoom-forms-required\">*<\/sup><\/label><input type=\"email\" name=\"wpzf_input_8468ae36\" id=\"input_8468ae36\" placeholder=\"\" required data-replyto=\"false\" class=\"wp-block-wpzoom-forms-text-email-field\"\/>\n\n\n\n<label for=\"input_70fc4817\"><span>T\u00e9l\u00e9phone<\/span><sup class=\"wp-block-wpzoom-forms-required\">*<\/sup><\/label><input type=\"tel\" name=\"wpzf_input_70fc4817\" id=\"input_70fc4817\" placeholder=\"\" required class=\"wp-block-wpzoom-forms-text-phone-field\"\/>\n\n\n\n<p><\/p>\n\n\n\n<label for=\"input_7ed73d95\"><span>Je souhaite offrir<\/span><\/label><ul class=\"wp-block-wpzoom-forms-multi-checkbox-field\" id=\"input_7ed73d95\"><li><label><input type=\"checkbox\" name=\"wpzf_input_7ed73d95[]\" id=\"input_7ed73d95-0\" value=\"Une balade campagne 1h\"\/>Une balade campagne 1h<\/label><\/li><li><label><input type=\"checkbox\" name=\"wpzf_input_7ed73d95[]\" id=\"input_7ed73d95-1\" value=\"Une balade plage 1h\"\/>Une balade plage 1h<\/label><\/li><li><label><input type=\"checkbox\" name=\"wpzf_input_7ed73d95[]\" id=\"input_7ed73d95-2\" value=\"Un stage (de la demi-journ\u00e9e \u00e0 la semaine)\"\/>Un stage (de la demi-journ\u00e9e \u00e0 la semaine)<\/label><\/li><li><label><input type=\"checkbox\" name=\"wpzf_input_7ed73d95[]\" id=\"input_7ed73d95-3\" value=\"Pour un anniverssaire\"\/>Pour un anniverssaire<\/label><\/li><li><label><input type=\"checkbox\" name=\"wpzf_input_7ed73d95[]\" id=\"input_7ed73d95-4\" value=\"Initiation (cheval ou poney)\"\/>Initiation (cheval ou poney)<\/label><\/li><li><label><input type=\"checkbox\" name=\"wpzf_input_7ed73d95[]\" id=\"input_7ed73d95-5\" value=\"Baby d\u00e9couverte\"\/>Baby d\u00e9couverte<\/label><\/li><\/ul>\n\n\n\n<label for=\"input_9d8d7aa6\"><span>Votre message<\/span><\/label><textarea name=\"wpzf_input_9d8d7aa6\" id=\"input_9d8d7aa6\" cols=\"55\" rows=\"10\" placeholder=\"\" class=\"wp-block-wpzoom-forms-textarea-field\"><\/textarea>\n\n\n\n<div class=\"wp-block-columns are-vertically-aligned-center is-layout-flex wp-container-core-columns-is-layout-28f84493 wp-block-columns-is-layout-flex\">\n<div class=\"wp-block-column is-vertically-aligned-center is-layout-flow wp-block-column-is-layout-flow\" style=\"flex-basis:30%\">\n<input   type=\"submit\" data-sitekey=\"6Lci21QqAAAAAE63SdElqQmjSxYxJlHdHoyf9hSj\" data-callback=\"wpzf_submit\" data-action=\"submit\" data-badge=\"bottomright\"  id=\"input_submit\" value=\"Envoyer\"  class=\"wp-block-wpzoom-forms-submit-field g-recaptcha\"\/>\n<\/div>\n\n\n\n<div class=\"wp-block-column is-vertically-aligned-center is-layout-flow wp-block-column-is-layout-flow\" style=\"flex-basis:70%\">\n<p class=\"has-text-align-right\" style=\"font-size:clamp(14px, 0.875rem + ((1vw - 3.2px) * 0.208), 16px);px\">Les champs marqu\u00e9s d'un <strong class=\"has-accent-color has-text-color\">*<\/strong> sont obligatoires.<\/p>\n<\/div>\n<\/div>\n<\/div>\n\n\t\t\t<\/form>\n\t\t\t\n\t\t\t<!-- ZOOM Forms End -->\n\n\n\n<div style=\"height:100px\" aria-hidden=\"true\" class=\"wp-block-spacer\"><\/div>\n\n\n\n<div class=\"wp-block-cover alignfull is-light has-parallax\" style=\"min-height:350px;aspect-ratio:unset;\"><div role=\"img\" aria-label=\"Un cheval dans un paquet cadeau\" class=\"wp-block-cover__image-background wp-image-256 size-full has-parallax\" style=\"background-position:50% 50%;background-image:url(https:\/\/www.lesecuriesdesparcs.fr\/wp-content\/uploads\/2026\/03\/Cheval-cadeau-02.jpg)\"><\/div><span aria-hidden=\"true\" class=\"wp-block-cover__background has-background-dim-0 has-background-dim\" style=\"background-color:#908582\"><\/span><div class=\"wp-block-cover__inner-container is-layout-flow wp-block-cover-is-layout-flow\">\n<p class=\"has-text-align-center has-white-color has-text-color has-medium-font-size\" style=\"letter-spacing:1px\"><\/p>\n<\/div><\/div>\n","protected":false},"excerpt":{"rendered":"<p>Une id\u00e9e originale pour vos proches cavaliers exp\u00e9riment\u00e9s ou d\u00e9butant ! Peu importe l\u2019\u00e2ge et le niveau de la personne, les \u00e9curies proposent des bons cadeaux du montant de votre choix, valable un an, sur n\u2019importe quelle prestation propos\u00e9e dans la structure. Balades, stages, anniversaire, initiation : Contactez-nous pour pr\u00e9parer [&hellip;]<\/p>\n","protected":false},"author":1,"featured_media":256,"parent":0,"menu_order":0,"comment_status":"closed","ping_status":"closed","template":"","meta":{"inspiro_page_layout":"narrow","inspiro_hide_title":false,"footnotes":""},"class_list":["post-243","page","type-page","status-publish","has-post-thumbnail","hentry"],"_links":{"self":[{"href":"https:\/\/www.lesecuriesdesparcs.fr\/index.php?rest_route=\/wp\/v2\/pages\/243","targetHints":{"allow":["GET"]}}],"collection":[{"href":"https:\/\/www.lesecuriesdesparcs.fr\/index.php?rest_route=\/wp\/v2\/pages"}],"about":[{"href":"https:\/\/www.lesecuriesdesparcs.fr\/index.php?rest_route=\/wp\/v2\/types\/page"}],"author":[{"embeddable":true,"href":"https:\/\/www.lesecuriesdesparcs.fr\/index.php?rest_route=\/wp\/v2\/users\/1"}],"replies":[{"embeddable":true,"href":"https:\/\/www.lesecuriesdesparcs.fr\/index.php?rest_route=%2Fwp%2Fv2%2Fcomments&post=243"}],"version-history":[{"count":6,"href":"https:\/\/www.lesecuriesdesparcs.fr\/index.php?rest_route=\/wp\/v2\/pages\/243\/revisions"}],"predecessor-version":[{"id":260,"href":"https:\/\/www.lesecuriesdesparcs.fr\/index.php?rest_route=\/wp\/v2\/pages\/243\/revisions\/260"}],"wp:featuredmedia":[{"embeddable":true,"href":"https:\/\/www.lesecuriesdesparcs.fr\/index.php?rest_route=\/wp\/v2\/media\/256"}],"wp:attachment":[{"href":"https:\/\/www.lesecuriesdesparcs.fr\/index.php?rest_route=%2Fwp%2Fv2%2Fmedia&parent=243"}],"curies":[{"name":"wp","href":"https:\/\/api.w.org\/{rel}","templated":true}]}}