{"id":270,"date":"2026-03-30T14:15:39","date_gmt":"2026-03-30T12:15:39","guid":{"rendered":"https:\/\/www.lesecuriesdesparcs.fr\/?page_id=270"},"modified":"2026-04-05T11:33:54","modified_gmt":"2026-04-05T09:33:54","slug":"nos-prestations","status":"publish","type":"page","link":"https:\/\/www.lesecuriesdesparcs.fr\/?page_id=270","title":{"rendered":"Nos prestations"},"content":{"rendered":"\n<p>Nous vous proposons diff\u00e9rentes prestations selon vos besoins et vos \u00e9v\u00e8nements.<br><a href=\"https:\/\/www.lesecuriesdesparcs.fr\/?page_id=186\">Contactez-nous<\/a> pour \u00e9changer sur vos projets et vous aidez \u00e0 l&rsquo;organiser aux plus pr\u00eat de vos attentes.<\/p>\n\n\n\n<ul class=\"wp-block-list\">\n<li><strong>Location de box \u00e0 la nuit ou au mois<\/strong> :\u2028 Pour les cavaliers de passage, il est possible de louer un box \u00e0 la nuit ou au mois en fonction des places disponibles.<\/li>\n\n\n\n<li><strong>Groupes et entreprises<\/strong> : \u2028Pour les entreprises, il est possible de privatiser le man\u00e8ge et le club house afin d\u2019organiser des journ\u00e9e d\u2019\u00e9quicoaching pour les entreprises. \u2028Nous proposons \u00e9galement des balades mont\u00e9s en un ou plusieurs groupes selon le nombre de participants.<\/li>\n\n\n\n<li><strong>Location de carri\u00e8re<\/strong> : Toutes les carri\u00e8res des \u00e9curies sont disponibles \u00e0 la location de fa\u00e7on ponctuelle ou sous forme de forfait mensuel par cheval.<\/li>\n\n\n\n<li><strong>Bon cadeaux<\/strong> : Une id\u00e9e original, un bon cadeau pour vos proches cavaliers ? Peu importe l\u2019\u00e2ge, les \u00e9curies proposent des bons cadeaux du montant de votre choix, valable un an, sur n\u2019importe quelle prestation propos\u00e9e dans la structure (poney ou centre \u00e9questre).<\/li>\n<\/ul>\n\n\n\n<figure class=\"wp-block-image size-full\"><img loading=\"lazy\" decoding=\"async\" width=\"2560\" height=\"1333\" src=\"https:\/\/www.lesecuriesdesparcs.fr\/wp-content\/uploads\/2026\/03\/Banniere02-scaled.jpg\" alt=\"les \u00e9curies des parcs vue du ciel\" class=\"wp-image-17\" srcset=\"https:\/\/www.lesecuriesdesparcs.fr\/wp-content\/uploads\/2026\/03\/Banniere02-scaled.jpg 2560w, https:\/\/www.lesecuriesdesparcs.fr\/wp-content\/uploads\/2026\/03\/Banniere02-300x156.jpg 300w, https:\/\/www.lesecuriesdesparcs.fr\/wp-content\/uploads\/2026\/03\/Banniere02-1024x533.jpg 1024w, https:\/\/www.lesecuriesdesparcs.fr\/wp-content\/uploads\/2026\/03\/Banniere02-768x400.jpg 768w, https:\/\/www.lesecuriesdesparcs.fr\/wp-content\/uploads\/2026\/03\/Banniere02-1536x800.jpg 1536w, https:\/\/www.lesecuriesdesparcs.fr\/wp-content\/uploads\/2026\/03\/Banniere02-2048x1067.jpg 2048w, https:\/\/www.lesecuriesdesparcs.fr\/wp-content\/uploads\/2026\/03\/Banniere02-2000x1042.jpg 2000w, https:\/\/www.lesecuriesdesparcs.fr\/wp-content\/uploads\/2026\/03\/Banniere02-1000x521.jpg 1000w, https:\/\/www.lesecuriesdesparcs.fr\/wp-content\/uploads\/2026\/03\/Banniere02-1800x938.jpg 1800w, https:\/\/www.lesecuriesdesparcs.fr\/wp-content\/uploads\/2026\/03\/Banniere02-1075x560.jpg 1075w, https:\/\/www.lesecuriesdesparcs.fr\/wp-content\/uploads\/2026\/03\/Banniere02-600x313.jpg 600w\" sizes=\"auto, (max-width: 2560px) 100vw, 2560px\" \/><\/figure>\n\n\n\n<div class=\"wp-block-buttons is-content-justification-center is-layout-flex wp-container-core-buttons-is-layout-a89b3969 wp-block-buttons-is-layout-flex\">\n<div class=\"wp-block-button\"><a class=\"wp-block-button__link has-x-small-font-size has-custom-font-size wp-element-button\" href=\"https:\/\/www.lesecuriesdesparcs.fr\/?page_id=186\" style=\"border-top-left-radius:5px;border-top-right-radius:5px;border-bottom-left-radius:5px;border-bottom-right-radius:5px\">Contactez-nous<\/a><\/div>\n<\/div>\n\n\n\n<div style=\"height:100px\" aria-hidden=\"true\" class=\"wp-block-spacer\"><\/div>\n\n\n\n<p><\/p>\n","protected":false},"excerpt":{"rendered":"<p>Nous vous proposons diff\u00e9rentes prestations selon vos besoins et vos \u00e9v\u00e8nements.Contactez-nous pour \u00e9changer sur vos projets et vous aidez \u00e0 l&rsquo;organiser aux plus pr\u00eat de vos attentes.<\/p>\n","protected":false},"author":1,"featured_media":294,"parent":0,"menu_order":0,"comment_status":"closed","ping_status":"closed","template":"","meta":{"inspiro_page_layout":"narrow","inspiro_hide_title":false,"footnotes":""},"class_list":["post-270","page","type-page","status-publish","has-post-thumbnail","hentry"],"_links":{"self":[{"href":"https:\/\/www.lesecuriesdesparcs.fr\/index.php?rest_route=\/wp\/v2\/pages\/270","targetHints":{"allow":["GET"]}}],"collection":[{"href":"https:\/\/www.lesecuriesdesparcs.fr\/index.php?rest_route=\/wp\/v2\/pages"}],"about":[{"href":"https:\/\/www.lesecuriesdesparcs.fr\/index.php?rest_route=\/wp\/v2\/types\/page"}],"author":[{"embeddable":true,"href":"https:\/\/www.lesecuriesdesparcs.fr\/index.php?rest_route=\/wp\/v2\/users\/1"}],"replies":[{"embeddable":true,"href":"https:\/\/www.lesecuriesdesparcs.fr\/index.php?rest_route=%2Fwp%2Fv2%2Fcomments&post=270"}],"version-history":[{"count":5,"href":"https:\/\/www.lesecuriesdesparcs.fr\/index.php?rest_route=\/wp\/v2\/pages\/270\/revisions"}],"predecessor-version":[{"id":388,"href":"https:\/\/www.lesecuriesdesparcs.fr\/index.php?rest_route=\/wp\/v2\/pages\/270\/revisions\/388"}],"wp:featuredmedia":[{"embeddable":true,"href":"https:\/\/www.lesecuriesdesparcs.fr\/index.php?rest_route=\/wp\/v2\/media\/294"}],"wp:attachment":[{"href":"https:\/\/www.lesecuriesdesparcs.fr\/index.php?rest_route=%2Fwp%2Fv2%2Fmedia&parent=270"}],"curies":[{"name":"wp","href":"https:\/\/api.w.org\/{rel}","templated":true}]}}